{"id":77,"date":"2025-07-11T06:28:12","date_gmt":"2025-07-11T06:28:12","guid":{"rendered":"https:\/\/creacionesconamor.es\/?page_id=77"},"modified":"2025-07-11T06:28:12","modified_gmt":"2025-07-11T06:28:12","slug":"quienes-somos","status":"publish","type":"page","link":"https:\/\/creacionesconamor.es\/?page_id=77","title":{"rendered":"QUIENES SOMOS"},"content":{"rendered":"\n<div class=\"wp-block-cover alignfull is-light\" style=\"min-height:287px;aspect-ratio:unset;\"><img fetchpriority=\"high\" decoding=\"async\" width=\"1024\" height=\"576\" class=\"wp-block-cover__image-background wp-image-22 size-large\" alt=\"\" src=\"https:\/\/creacionesconamor.es\/wp-content\/uploads\/2025\/05\/ChatGPT-Image-7-may-2025-17_52_49-edited-1024x576.png\" data-object-fit=\"cover\" srcset=\"https:\/\/creacionesconamor.es\/wp-content\/uploads\/2025\/05\/ChatGPT-Image-7-may-2025-17_52_49-edited-1024x576.png 1024w, https:\/\/creacionesconamor.es\/wp-content\/uploads\/2025\/05\/ChatGPT-Image-7-may-2025-17_52_49-edited-300x169.png 300w, https:\/\/creacionesconamor.es\/wp-content\/uploads\/2025\/05\/ChatGPT-Image-7-may-2025-17_52_49-edited-768x432.png 768w, https:\/\/creacionesconamor.es\/wp-content\/uploads\/2025\/05\/ChatGPT-Image-7-may-2025-17_52_49-edited.png 1536w\" sizes=\"(max-width: 1024px) 100vw, 1024px\" \/><span aria-hidden=\"true\" class=\"wp-block-cover__background has-background-dim\" style=\"background-color:#d2a986\"><\/span><div class=\"wp-block-cover__inner-container has-global-padding is-layout-constrained wp-block-cover-is-layout-constrained\">\n<p class=\"has-text-align-center has-base-2-color has-text-color has-link-color has-heading-font-family wp-elements-c9f9efc7f9f694faba75c33c3b28c642\" style=\"font-size:clamp(1.884rem, 1.884rem + ((1vw - 0.2rem) * 2.36), 3.3rem);\"><strong>CONOCE NUESTRA HISTORIA<\/strong><\/p>\n<\/div><\/div>\n\n\n\n<div class=\"wp-block-group alignfull has-accent-background-color has-background has-global-padding is-layout-constrained wp-container-core-group-is-layout-669513ed wp-block-group-is-layout-constrained\" style=\"margin-top:0;margin-bottom:0;padding-top:var(--wp--preset--spacing--50);padding-right:var(--wp--preset--spacing--50);padding-bottom:var(--wp--preset--spacing--50);padding-left:var(--wp--preset--spacing--50)\">\n<div class=\"wp-block-columns alignwide is-layout-flex wp-container-core-columns-is-layout-1da03c2a wp-block-columns-is-layout-flex\">\n<div class=\"wp-block-column is-vertically-aligned-stretch is-layout-flow wp-block-column-is-layout-flow\" style=\"flex-basis:50%\">\n<div class=\"wp-block-group is-vertical is-content-justification-stretch is-layout-flex wp-container-core-group-is-layout-444d5ee8 wp-block-group-is-layout-flex\" style=\"min-height:100%\">\n<p class=\"has-heading-font-family has-large-font-size\" style=\"line-height:1.1\">Creaciones con Amor nace de la pasi\u00f3n por los detalles \u00fanicos.<br>Somos Vanesa y Silvia dos amigas que nos juntamos porque nos encanta hacer detalles a nuestros seres queridos, y todo esto nos llevo a emprendernos a esta locura que nos encanta.<br><br>Todo comenz\u00f3 en casa, poco a poco haciendo llaveros y fofuchas&#8230; hasta ahora hacer detalles con un valor incalculable. Nuestro deseo es llegar a la m\u00e1xima comunidad posible y crear productos totalmente personalizados que trasmitan cari\u00f1o, identidad y originalidad.<br><br>Hoy en d\u00eda seguimos trabajando con el mismo amor que el primer d\u00eda, cuidando cada pedido<br>y cada detalle como si fuera el primero.<\/p>\n<\/div>\n<\/div>\n\n\n\n<div class=\"wp-block-column is-vertically-aligned-center is-layout-flow wp-block-column-is-layout-flow\" style=\"flex-basis:50%\">\n<figure class=\"wp-block-image size-large is-style-rounded wp-duotone-unset-2 is-style-rounded--1\"><img decoding=\"async\" width=\"683\" height=\"1024\" src=\"https:\/\/creacionesconamor.es\/wp-content\/uploads\/2025\/06\/ChatGPT-Image-15-may-2025-09_19_39-683x1024.png\" alt=\"\" class=\"wp-image-79\" style=\"aspect-ratio:3\/4;object-fit:cover\" srcset=\"https:\/\/creacionesconamor.es\/wp-content\/uploads\/2025\/06\/ChatGPT-Image-15-may-2025-09_19_39-683x1024.png 683w, https:\/\/creacionesconamor.es\/wp-content\/uploads\/2025\/06\/ChatGPT-Image-15-may-2025-09_19_39-200x300.png 200w, https:\/\/creacionesconamor.es\/wp-content\/uploads\/2025\/06\/ChatGPT-Image-15-may-2025-09_19_39-768x1152.png 768w, https:\/\/creacionesconamor.es\/wp-content\/uploads\/2025\/06\/ChatGPT-Image-15-may-2025-09_19_39.png 1024w\" sizes=\"(max-width: 683px) 100vw, 683px\" \/><\/figure>\n<\/div>\n<\/div>\n\n\n\n<div style=\"height:41px\" aria-hidden=\"true\" class=\"wp-block-spacer\"><\/div>\n\n\n\n<hr class=\"wp-block-separator alignwide has-alpha-channel-opacity\"\/>\n\n\n\n<div style=\"height:41px\" aria-hidden=\"true\" class=\"wp-block-spacer\"><\/div>\n\n\n\n<h3 class=\"wp-block-heading has-text-align-center\"><strong>\u00bfTienes una idea especial?<br>Escr\u00edbenos y haremos tu dise\u00f1o realidad.<\/strong><\/h3>\n\n\n\n<div class=\"wp-block-buttons is-content-justification-center is-layout-flex wp-container-core-buttons-is-layout-a89b3969 wp-block-buttons-is-layout-flex\">\n<div class=\"wp-block-button\"><a class=\"wp-block-button__link wp-element-button\" href=\"https:\/\/creacionesconamor.es\/?page_id=83\">Cont\u00e1ctanos<\/a><\/div>\n<\/div>\n\n\n\n<div style=\"height:41px\" aria-hidden=\"true\" class=\"wp-block-spacer\"><\/div>\n<\/div>\n\n\n\n<div class=\"wp-block-group alignfull has-base-background-color has-background has-global-padding is-layout-constrained wp-container-core-group-is-layout-d89aad35 wp-block-group-is-layout-constrained\" style=\"margin-top:0;margin-bottom:0;padding-top:var(--wp--preset--spacing--50);padding-right:var(--wp--preset--spacing--50);padding-bottom:var(--wp--preset--spacing--50);padding-left:var(--wp--preset--spacing--50)\">\n<div class=\"wp-block-columns alignwide is-layout-flex wp-container-core-columns-is-layout-549b0c86 wp-block-columns-is-layout-flex\">\n<div class=\"wp-block-column has-global-padding is-content-justification-center is-layout-constrained wp-container-core-column-is-layout-42d62dd4 wp-block-column-is-layout-constrained\" style=\"flex-basis:40%\">\n<div class=\"wp-block-cover alignwide wp-duotone-unset-3\" style=\"min-height:512px;aspect-ratio:unset;\"><img decoding=\"async\" width=\"1024\" height=\"1024\" class=\"wp-block-cover__image-background wp-image-180\" alt=\"\" src=\"https:\/\/creacionesconamor.es\/wp-content\/uploads\/2025\/07\/WhatsApp-Image-2025-07-09-at-20.05.01-1024x1024.jpeg\" data-object-fit=\"cover\" srcset=\"https:\/\/creacionesconamor.es\/wp-content\/uploads\/2025\/07\/WhatsApp-Image-2025-07-09-at-20.05.01-1024x1024.jpeg 1024w, https:\/\/creacionesconamor.es\/wp-content\/uploads\/2025\/07\/WhatsApp-Image-2025-07-09-at-20.05.01-300x300.jpeg 300w, https:\/\/creacionesconamor.es\/wp-content\/uploads\/2025\/07\/WhatsApp-Image-2025-07-09-at-20.05.01-150x150.jpeg 150w, https:\/\/creacionesconamor.es\/wp-content\/uploads\/2025\/07\/WhatsApp-Image-2025-07-09-at-20.05.01-768x768.jpeg 768w, https:\/\/creacionesconamor.es\/wp-content\/uploads\/2025\/07\/WhatsApp-Image-2025-07-09-at-20.05.01-1536x1536.jpeg 1536w, https:\/\/creacionesconamor.es\/wp-content\/uploads\/2025\/07\/WhatsApp-Image-2025-07-09-at-20.05.01.jpeg 1600w\" sizes=\"(max-width: 1024px) 100vw, 1024px\" \/><span aria-hidden=\"true\" class=\"wp-block-cover__background has-background-dim\"><\/span><div class=\"wp-block-cover__inner-container is-layout-flow wp-block-cover-is-layout-flow\">\n<p class=\"has-text-align-center has-large-font-size\"><\/p>\n<\/div><\/div>\n<\/div>\n\n\n\n<div class=\"wp-block-column is-layout-flow wp-container-core-column-is-layout-119bc444 wp-block-column-is-layout-flow\" style=\"flex-basis:60%\">\n<p class=\"has-heading-font-family has-x-large-font-size\" style=\"line-height:1.2\"><br><strong>Creaciones que hablan de ti.<\/strong><\/p>\n\n\n\n<div class=\"wp-block-columns is-layout-flex wp-container-core-columns-is-layout-87beb0d0 wp-block-columns-is-layout-flex\">\n<div class=\"wp-block-column is-layout-flow wp-block-column-is-layout-flow\">\n<p class=\"wp-container-content-9cfa9a5a\">En un mundo lleno de opciones en serie, nosotros apostamos por lo \u00fanico, lo que lleva tu sello.<br>Creemos en el poder de las <strong>creaciones personalizadas<\/strong>: productos que no solo cumplen una funci\u00f3n, sino que cuentan una historia. La tuya.<\/p>\n\n\n\n<p>Cada idea nace de una conversaci\u00f3n, una necesidad o un sue\u00f1o. <\/p>\n\n\n\n<p>Y aqu\u00ed, nos tomamos el tiempo para entenderla,  transformarla y convertirla en <\/p>\n<\/div>\n\n\n\n<div class=\"wp-block-column is-layout-flow wp-block-column-is-layout-flow\">\n<p>algo que te represente de verdad.<br>Porque cuando algo est\u00e1 hecho para ti, se nota. Y se siente.<\/p>\n\n\n\n<p>Somos creadores, s\u00ed, pero sobre todo, <strong>traductores de emociones<\/strong>. Trabajamos con mimo, detalle y pasi\u00f3n para dar forma a objetos que emocionan, conectan y perduran.<\/p>\n\n\n\n<p class=\"wp-container-content-9cfa9a5a\">Bienvenido a un espacio donde lo m\u00e1s importante <strong>eres t\u00fa<\/strong>.<\/p>\n<\/div>\n<\/div>\n<\/div>\n<\/div>\n<\/div>\n\n\n\n<div class=\"wp-block-group alignfull has-accent-5-background-color has-background has-global-padding is-layout-constrained wp-container-core-group-is-layout-d89aad35 wp-block-group-is-layout-constrained\" style=\"margin-top:0;margin-bottom:0;padding-top:var(--wp--preset--spacing--50);padding-right:var(--wp--preset--spacing--50);padding-bottom:var(--wp--preset--spacing--50);padding-left:var(--wp--preset--spacing--50)\">\n<div class=\"wp-block-columns alignwide is-layout-flex wp-container-core-columns-is-layout-1da03c2a wp-block-columns-is-layout-flex\">\n<div class=\"wp-block-column is-vertically-aligned-center is-layout-flow wp-block-column-is-layout-flow\" style=\"flex-basis:60%\">\n<figure class=\"wp-block-image size-full is-resized is-style-rounded wp-duotone-unset-5 is-style-rounded--4\"><img loading=\"lazy\" decoding=\"async\" width=\"1600\" height=\"1200\" src=\"https:\/\/creacionesconamor.es\/wp-content\/uploads\/2025\/07\/WhatsApp-Image-2025-07-09-at-20.08.15-1-edited.jpeg\" alt=\"\" class=\"wp-image-205\" style=\"object-fit:cover;width:580px;height:auto\" srcset=\"https:\/\/creacionesconamor.es\/wp-content\/uploads\/2025\/07\/WhatsApp-Image-2025-07-09-at-20.08.15-1-edited.jpeg 1600w, https:\/\/creacionesconamor.es\/wp-content\/uploads\/2025\/07\/WhatsApp-Image-2025-07-09-at-20.08.15-1-edited-300x225.jpeg 300w, https:\/\/creacionesconamor.es\/wp-content\/uploads\/2025\/07\/WhatsApp-Image-2025-07-09-at-20.08.15-1-edited-1024x768.jpeg 1024w, https:\/\/creacionesconamor.es\/wp-content\/uploads\/2025\/07\/WhatsApp-Image-2025-07-09-at-20.08.15-1-edited-768x576.jpeg 768w, https:\/\/creacionesconamor.es\/wp-content\/uploads\/2025\/07\/WhatsApp-Image-2025-07-09-at-20.08.15-1-edited-1536x1152.jpeg 1536w\" sizes=\"(max-width: 1600px) 100vw, 1600px\" \/><\/figure>\n<\/div>\n\n\n\n<div class=\"wp-block-column is-layout-flow wp-block-column-is-layout-flow\" style=\"flex-basis:40%\">\n<h3 class=\"wp-block-heading\"><strong>\u00bfTienes una idea especial?<\/strong><br>Escr\u00edbenos y haremos tu dise\u00f1o realidad.<\/h3>\n\n\n\n<p>Disfruta como lo hacemos nosotras y consigue lo que deseas. Cu\u00e9ntanos tu idea y la haremos realidad.<\/p>\n\n\n\n<div class=\"wp-block-buttons is-layout-flex wp-block-buttons-is-layout-flex\">\n<div class=\"wp-block-button\"><a class=\"wp-block-button__link wp-element-button\" href=\"https:\/\/creacionesconamor.es\/?page_id=83\">Cont\u00e1ctanos<\/a><\/div>\n<\/div>\n<\/div>\n<\/div>\n<\/div>\n\n\n\n<div class=\"wp-block-group alignfull has-base-color has-contrast-background-color has-text-color has-background has-link-color wp-elements-c2abb82bf7fd1491d27059641bcbb865 has-global-padding is-layout-constrained wp-container-core-group-is-layout-d89aad35 wp-block-group-is-layout-constrained\" style=\"margin-top:0;margin-bottom:0;padding-top:var(--wp--preset--spacing--50);padding-right:var(--wp--preset--spacing--50);padding-bottom:var(--wp--preset--spacing--50);padding-left:var(--wp--preset--spacing--50)\">\n<h2 class=\"wp-block-heading alignwide has-base-color has-text-color has-link-color wp-elements-636393b9e9739547bdc70499cb941e14\" style=\"font-size:clamp(3.426rem, 3.426rem + ((1vw - 0.2rem) * 5.957), 7rem);letter-spacing:-0.02em\">FAQs Preguntas Frecuentes<\/h2>\n\n\n\n<div class=\"wp-block-group alignwide is-layout-flow wp-block-group-is-layout-flow\">\n<hr class=\"wp-block-separator has-text-color has-base-color has-alpha-channel-opacity has-base-background-color has-background is-style-wide\" style=\"margin-top:var(--wp--preset--spacing--30);margin-bottom:var(--wp--preset--spacing--30)\"\/>\n\n\n\n<h3 class=\"wp-block-heading alignwide has-base-2-color has-text-color has-link-color wp-elements-03847a13686c96f98ec925eb41218463\">\u00bfQu\u00e9 tipo de productos ofrec\u00e9is en Creaciones con Amor?<\/h3>\n\n\n\n<p class=\"has-contrast-1-color has-text-color has-link-color wp-elements-a76497a09b90a086ebcaa5ded40d4bc4\">En Creaciones con Amor dise\u00f1amos y elaboramos productos personalizados para regalar, decorar o celebrar momentos especiales. Desde detalles para bodas, cumplea\u00f1os y comuniones, hasta art\u00edculos \u00fanicos hechos a mano.<\/p>\n\n\n\n<hr class=\"wp-block-separator has-text-color has-base-color has-alpha-channel-opacity has-base-background-color has-background is-style-wide\" style=\"margin-top:var(--wp--preset--spacing--30);margin-bottom:var(--wp--preset--spacing--30)\"\/>\n\n\n\n<h3 class=\"wp-block-heading alignwide has-base-2-color has-text-color has-link-color wp-elements-e4018847150c1108548054beb9d7e0be\">\u00bfPuedo encargar un dise\u00f1o personalizado seg\u00fan mi idea?<\/h3>\n\n\n\n<p class=\"has-contrast-1-color has-text-color has-link-color wp-elements-18e0a2ef9dd1bb97634d3e197b625791\">\u00a1Claro! Nos encanta dar vida a tus ideas. Solo tienes que contarnos lo que tienes en mente y juntas lo haremos realidad, cuidando cada detalle con mucho mimo.<\/p>\n\n\n\n<hr class=\"wp-block-separator has-text-color has-base-color has-alpha-channel-opacity has-base-background-color has-background is-style-wide\" style=\"margin-top:var(--wp--preset--spacing--30);margin-bottom:var(--wp--preset--spacing--30)\"\/>\n\n\n\n<h3 class=\"wp-block-heading alignwide has-base-2-color has-text-color has-link-color wp-elements-b167bf2af986dc33068b874812f78aab\">\u00bfCon cu\u00e1nta antelaci\u00f3n debo hacer un pedido?<\/h3>\n\n\n\n<p class=\"has-contrast-1-color has-text-color has-link-color wp-elements-b056a8e2f90085d9bb25cfbf3da5fdf3\">Lo ideal es hacerlo con al menos <strong>2 a 3 semanas de antelaci\u00f3n<\/strong>, ya que trabajamos de forma artesanal y con mucho cuidado. En fechas especiales o campa\u00f1as (como Navidad, comuniones, etc.), recomendamos anticiparse a\u00fan m\u00e1s.<\/p>\n\n\n\n<hr class=\"wp-block-separator has-text-color has-base-color has-alpha-channel-opacity has-base-background-color has-background is-style-wide\" style=\"margin-top:var(--wp--preset--spacing--30);margin-bottom:var(--wp--preset--spacing--30)\"\/>\n\n\n\n<h3 class=\"wp-block-heading alignwide has-base-2-color has-text-color has-link-color wp-elements-0efae63680d6b96c02a5dab397d7e86c\">\u00bfHac\u00e9is env\u00edos? \u00bfD\u00f3nde puedo recibir mis pedidos?<\/h3>\n\n\n\n<p class=\"has-contrast-1-color has-text-color has-link-color wp-elements-1da06aadb4626f5999b84407fc9974a6\">S\u00ed, realizamos env\u00edos a toda Espa\u00f1a. Tus creaciones llegar\u00e1n bien protegidas y con ese toque especial que nos representa.<\/p>\n\n\n\n<div style=\"margin-top:var(--wp--preset--spacing--10);margin-bottom:0;height:var(--wp--preset--spacing--10)\" aria-hidden=\"true\" class=\"wp-block-spacer\"><\/div>\n<\/div>\n<\/div>\n\n\n\n<p><\/p>\n","protected":false},"excerpt":{"rendered":"<p>Creaciones con Amor nace de la pasi\u00f3n por los detalles \u00fanicos.Somos Vanesa y Silvia dos amigas que nos juntamos porque nos encanta hacer detalles a nuestros seres queridos, y todo esto nos llevo a emprendernos a esta locura que nos encanta. Todo comenz\u00f3 en casa, poco a poco haciendo llaveros y fofuchas&#8230; hasta ahora hacer [&hellip;]<\/p>\n","protected":false},"author":1,"featured_media":0,"parent":0,"menu_order":0,"comment_status":"closed","ping_status":"closed","template":"","meta":{"footnotes":""},"class_list":["post-77","page","type-page","status-publish","hentry"],"_links":{"self":[{"href":"https:\/\/creacionesconamor.es\/index.php?rest_route=\/wp\/v2\/pages\/77","targetHints":{"allow":["GET"]}}],"collection":[{"href":"https:\/\/creacionesconamor.es\/index.php?rest_route=\/wp\/v2\/pages"}],"about":[{"href":"https:\/\/creacionesconamor.es\/index.php?rest_route=\/wp\/v2\/types\/page"}],"author":[{"embeddable":true,"href":"https:\/\/creacionesconamor.es\/index.php?rest_route=\/wp\/v2\/users\/1"}],"replies":[{"embeddable":true,"href":"https:\/\/creacionesconamor.es\/index.php?rest_route=%2Fwp%2Fv2%2Fcomments&post=77"}],"version-history":[{"count":11,"href":"https:\/\/creacionesconamor.es\/index.php?rest_route=\/wp\/v2\/pages\/77\/revisions"}],"predecessor-version":[{"id":207,"href":"https:\/\/creacionesconamor.es\/index.php?rest_route=\/wp\/v2\/pages\/77\/revisions\/207"}],"wp:attachment":[{"href":"https:\/\/creacionesconamor.es\/index.php?rest_route=%2Fwp%2Fv2%2Fmedia&parent=77"}],"curies":[{"name":"wp","href":"https:\/\/api.w.org\/{rel}","templated":true}]}}