{"id":277,"date":"2025-07-11T14:41:37","date_gmt":"2025-07-11T14:41:37","guid":{"rendered":"https:\/\/creacionesconamor.es\/?page_id=277"},"modified":"2025-07-12T10:20:17","modified_gmt":"2025-07-12T10:20:17","slug":"fiestas-del-pilar","status":"publish","type":"page","link":"https:\/\/creacionesconamor.es\/?page_id=277","title":{"rendered":"Especial Fiestas del Pilar"},"content":{"rendered":"\n<div class=\"wp-block-cover alignfull is-light\" style=\"min-height:350px;aspect-ratio:unset;\"><img fetchpriority=\"high\" decoding=\"async\" width=\"1024\" height=\"683\" class=\"wp-block-cover__image-background wp-image-16 size-large\" alt=\"\" src=\"https:\/\/creacionesconamor.es\/wp-content\/uploads\/2025\/05\/ChatGPT-Image-7-may-2025-17_52_49-1024x683.png\" style=\"object-position:54% 83%\" data-object-fit=\"cover\" data-object-position=\"54% 83%\" srcset=\"https:\/\/creacionesconamor.es\/wp-content\/uploads\/2025\/05\/ChatGPT-Image-7-may-2025-17_52_49-1024x683.png 1024w, https:\/\/creacionesconamor.es\/wp-content\/uploads\/2025\/05\/ChatGPT-Image-7-may-2025-17_52_49-300x200.png 300w, https:\/\/creacionesconamor.es\/wp-content\/uploads\/2025\/05\/ChatGPT-Image-7-may-2025-17_52_49-768x512.png 768w, https:\/\/creacionesconamor.es\/wp-content\/uploads\/2025\/05\/ChatGPT-Image-7-may-2025-17_52_49.png 1536w\" sizes=\"(max-width: 1024px) 100vw, 1024px\" \/><span aria-hidden=\"true\" class=\"wp-block-cover__background has-background-dim\" style=\"background-color:#d4ad8b\"><\/span><div class=\"wp-block-cover__inner-container has-global-padding is-layout-constrained wp-block-cover-is-layout-constrained\">\n<p class=\"has-text-align-center has-large-font-size\"><\/p>\n<\/div><\/div>\n\n\n\n<h2 class=\"wp-block-heading alignwide has-text-align-center\" style=\"font-size:clamp(0.984rem, 0.984rem + ((1vw - 0.2rem) * 0.86), 1.5rem);\"><strong>Celebra el Pilar con estilo y mucha alegr\u00eda.<\/strong> En esta secci\u00f3n encontrar\u00e1s productos personalizados para disfrutar al m\u00e1ximo las fiestas m\u00e1s importantes de Zaragoza:<br>camisetas, mochilas, vasos, chapas, cachirulos, pulseras, coleteros y muchos detalles \u00fanicos con tu nombre, pe\u00f1a o dise\u00f1o favorito.<\/h2>\n\n\n\n<h2 class=\"wp-block-heading alignwide has-text-align-center\" style=\"font-size:clamp(0.984rem, 0.984rem + ((1vw - 0.2rem) * 0.86), 1.5rem);\">Todo hecho a mano, con cari\u00f1o, color y esencia ma\u00f1a \u2764\ufe0f\ud83d\udc83. \u00a1Perfectos para regalar o lucir con orgullo en las fiestas!<\/h2>\n\n\n\n<div style=\"height:47px\" aria-hidden=\"true\" class=\"wp-block-spacer\"><\/div>\n\n\n\n<figure class=\"wp-block-gallery alignwide has-nested-images columns-default is-cropped wp-block-gallery-22 is-layout-flex wp-block-gallery-is-layout-flex\">\n<figure class=\"wp-block-image size-large wp-duotone-unset-1\"><img decoding=\"async\" width=\"847\" height=\"836\" data-id=\"289\" src=\"https:\/\/creacionesconamor.es\/wp-content\/uploads\/2025\/07\/syvkreations_accesorios.jpg\" alt=\"\" class=\"wp-image-289\" srcset=\"https:\/\/creacionesconamor.es\/wp-content\/uploads\/2025\/07\/syvkreations_accesorios.jpg 847w, https:\/\/creacionesconamor.es\/wp-content\/uploads\/2025\/07\/syvkreations_accesorios-300x296.jpg 300w, https:\/\/creacionesconamor.es\/wp-content\/uploads\/2025\/07\/syvkreations_accesorios-768x758.jpg 768w\" sizes=\"(max-width: 847px) 100vw, 847px\" \/><\/figure>\n\n\n\n<figure class=\"wp-block-image size-large wp-duotone-unset-2\"><img decoding=\"async\" width=\"1024\" height=\"1024\" data-id=\"278\" src=\"https:\/\/creacionesconamor.es\/wp-content\/uploads\/2025\/07\/pilares-1-1024x1024.jpeg\" alt=\"\" class=\"wp-image-278\" srcset=\"https:\/\/creacionesconamor.es\/wp-content\/uploads\/2025\/07\/pilares-1-1024x1024.jpeg 1024w, https:\/\/creacionesconamor.es\/wp-content\/uploads\/2025\/07\/pilares-1-300x300.jpeg 300w, https:\/\/creacionesconamor.es\/wp-content\/uploads\/2025\/07\/pilares-1-150x150.jpeg 150w, https:\/\/creacionesconamor.es\/wp-content\/uploads\/2025\/07\/pilares-1-768x768.jpeg 768w, https:\/\/creacionesconamor.es\/wp-content\/uploads\/2025\/07\/pilares-1-1536x1536.jpeg 1536w, https:\/\/creacionesconamor.es\/wp-content\/uploads\/2025\/07\/pilares-1.jpeg 2048w\" sizes=\"(max-width: 1024px) 100vw, 1024px\" \/><\/figure>\n\n\n\n<figure class=\"wp-block-image size-large wp-duotone-unset-3\"><img loading=\"lazy\" decoding=\"async\" width=\"1024\" height=\"1024\" data-id=\"279\" src=\"https:\/\/creacionesconamor.es\/wp-content\/uploads\/2025\/07\/pilares-2-1024x1024.jpeg\" alt=\"\" class=\"wp-image-279\" srcset=\"https:\/\/creacionesconamor.es\/wp-content\/uploads\/2025\/07\/pilares-2-1024x1024.jpeg 1024w, https:\/\/creacionesconamor.es\/wp-content\/uploads\/2025\/07\/pilares-2-300x300.jpeg 300w, https:\/\/creacionesconamor.es\/wp-content\/uploads\/2025\/07\/pilares-2-150x150.jpeg 150w, https:\/\/creacionesconamor.es\/wp-content\/uploads\/2025\/07\/pilares-2-768x768.jpeg 768w, https:\/\/creacionesconamor.es\/wp-content\/uploads\/2025\/07\/pilares-2-1536x1536.jpeg 1536w, https:\/\/creacionesconamor.es\/wp-content\/uploads\/2025\/07\/pilares-2.jpeg 2048w\" sizes=\"(max-width: 1024px) 100vw, 1024px\" \/><\/figure>\n\n\n\n<figure class=\"wp-block-image size-large wp-duotone-unset-4\"><img loading=\"lazy\" decoding=\"async\" width=\"1024\" height=\"1024\" data-id=\"295\" src=\"https:\/\/creacionesconamor.es\/wp-content\/uploads\/2025\/07\/pilares-16-1024x1024.jpeg\" alt=\"\" class=\"wp-image-295\" srcset=\"https:\/\/creacionesconamor.es\/wp-content\/uploads\/2025\/07\/pilares-16-1024x1024.jpeg 1024w, https:\/\/creacionesconamor.es\/wp-content\/uploads\/2025\/07\/pilares-16-300x300.jpeg 300w, https:\/\/creacionesconamor.es\/wp-content\/uploads\/2025\/07\/pilares-16-150x150.jpeg 150w, https:\/\/creacionesconamor.es\/wp-content\/uploads\/2025\/07\/pilares-16-768x768.jpeg 768w, https:\/\/creacionesconamor.es\/wp-content\/uploads\/2025\/07\/pilares-16-1536x1536.jpeg 1536w, https:\/\/creacionesconamor.es\/wp-content\/uploads\/2025\/07\/pilares-16.jpeg 2048w\" sizes=\"(max-width: 1024px) 100vw, 1024px\" \/><\/figure>\n\n\n\n<figure class=\"wp-block-image size-large wp-duotone-unset-5\"><img loading=\"lazy\" decoding=\"async\" width=\"1024\" height=\"1024\" data-id=\"292\" src=\"https:\/\/creacionesconamor.es\/wp-content\/uploads\/2025\/07\/pilares-17-1024x1024.jpeg\" alt=\"\" class=\"wp-image-292\" srcset=\"https:\/\/creacionesconamor.es\/wp-content\/uploads\/2025\/07\/pilares-17-1024x1024.jpeg 1024w, https:\/\/creacionesconamor.es\/wp-content\/uploads\/2025\/07\/pilares-17-300x300.jpeg 300w, https:\/\/creacionesconamor.es\/wp-content\/uploads\/2025\/07\/pilares-17-150x150.jpeg 150w, https:\/\/creacionesconamor.es\/wp-content\/uploads\/2025\/07\/pilares-17-768x768.jpeg 768w, https:\/\/creacionesconamor.es\/wp-content\/uploads\/2025\/07\/pilares-17-1536x1536.jpeg 1536w, https:\/\/creacionesconamor.es\/wp-content\/uploads\/2025\/07\/pilares-17.jpeg 2048w\" sizes=\"(max-width: 1024px) 100vw, 1024px\" \/><\/figure>\n\n\n\n<figure class=\"wp-block-image size-large wp-duotone-unset-6\"><img loading=\"lazy\" decoding=\"async\" width=\"1024\" height=\"1024\" data-id=\"296\" src=\"https:\/\/creacionesconamor.es\/wp-content\/uploads\/2025\/07\/pilares-19-1024x1024.jpeg\" alt=\"\" class=\"wp-image-296\" srcset=\"https:\/\/creacionesconamor.es\/wp-content\/uploads\/2025\/07\/pilares-19-1024x1024.jpeg 1024w, https:\/\/creacionesconamor.es\/wp-content\/uploads\/2025\/07\/pilares-19-300x300.jpeg 300w, https:\/\/creacionesconamor.es\/wp-content\/uploads\/2025\/07\/pilares-19-150x150.jpeg 150w, https:\/\/creacionesconamor.es\/wp-content\/uploads\/2025\/07\/pilares-19-768x768.jpeg 768w, https:\/\/creacionesconamor.es\/wp-content\/uploads\/2025\/07\/pilares-19-1536x1536.jpeg 1536w, https:\/\/creacionesconamor.es\/wp-content\/uploads\/2025\/07\/pilares-19.jpeg 2048w\" sizes=\"(max-width: 1024px) 100vw, 1024px\" \/><\/figure>\n\n\n\n<figure class=\"wp-block-image size-large wp-duotone-unset-7\"><img loading=\"lazy\" decoding=\"async\" width=\"1024\" height=\"1024\" data-id=\"287\" src=\"https:\/\/creacionesconamor.es\/wp-content\/uploads\/2025\/07\/pilares-18-1024x1024.jpeg\" alt=\"\" class=\"wp-image-287\" srcset=\"https:\/\/creacionesconamor.es\/wp-content\/uploads\/2025\/07\/pilares-18-1024x1024.jpeg 1024w, https:\/\/creacionesconamor.es\/wp-content\/uploads\/2025\/07\/pilares-18-300x300.jpeg 300w, https:\/\/creacionesconamor.es\/wp-content\/uploads\/2025\/07\/pilares-18-150x150.jpeg 150w, https:\/\/creacionesconamor.es\/wp-content\/uploads\/2025\/07\/pilares-18-768x768.jpeg 768w, https:\/\/creacionesconamor.es\/wp-content\/uploads\/2025\/07\/pilares-18-1536x1536.jpeg 1536w, https:\/\/creacionesconamor.es\/wp-content\/uploads\/2025\/07\/pilares-18.jpeg 2048w\" sizes=\"(max-width: 1024px) 100vw, 1024px\" \/><\/figure>\n\n\n\n<figure class=\"wp-block-image size-large wp-duotone-unset-8\"><img loading=\"lazy\" decoding=\"async\" width=\"1024\" height=\"1024\" data-id=\"281\" src=\"https:\/\/creacionesconamor.es\/wp-content\/uploads\/2025\/07\/pilares-3-1024x1024.jpeg\" alt=\"\" class=\"wp-image-281\" srcset=\"https:\/\/creacionesconamor.es\/wp-content\/uploads\/2025\/07\/pilares-3-1024x1024.jpeg 1024w, https:\/\/creacionesconamor.es\/wp-content\/uploads\/2025\/07\/pilares-3-300x300.jpeg 300w, https:\/\/creacionesconamor.es\/wp-content\/uploads\/2025\/07\/pilares-3-150x150.jpeg 150w, https:\/\/creacionesconamor.es\/wp-content\/uploads\/2025\/07\/pilares-3-768x768.jpeg 768w, https:\/\/creacionesconamor.es\/wp-content\/uploads\/2025\/07\/pilares-3-1536x1536.jpeg 1536w, https:\/\/creacionesconamor.es\/wp-content\/uploads\/2025\/07\/pilares-3.jpeg 2024w\" sizes=\"(max-width: 1024px) 100vw, 1024px\" \/><\/figure>\n\n\n\n<figure class=\"wp-block-image size-large wp-duotone-unset-9\"><img loading=\"lazy\" decoding=\"async\" width=\"1024\" height=\"768\" data-id=\"285\" src=\"https:\/\/creacionesconamor.es\/wp-content\/uploads\/2025\/07\/pilares-15-1024x768.jpeg\" alt=\"\" class=\"wp-image-285\" srcset=\"https:\/\/creacionesconamor.es\/wp-content\/uploads\/2025\/07\/pilares-15-1024x768.jpeg 1024w, https:\/\/creacionesconamor.es\/wp-content\/uploads\/2025\/07\/pilares-15-300x225.jpeg 300w, https:\/\/creacionesconamor.es\/wp-content\/uploads\/2025\/07\/pilares-15-768x576.jpeg 768w, https:\/\/creacionesconamor.es\/wp-content\/uploads\/2025\/07\/pilares-15-1536x1152.jpeg 1536w, https:\/\/creacionesconamor.es\/wp-content\/uploads\/2025\/07\/pilares-15.jpeg 1600w\" sizes=\"(max-width: 1024px) 100vw, 1024px\" \/><\/figure>\n\n\n\n<figure class=\"wp-block-image size-large wp-duotone-unset-10\"><img loading=\"lazy\" decoding=\"async\" width=\"1024\" height=\"1024\" data-id=\"280\" src=\"https:\/\/creacionesconamor.es\/wp-content\/uploads\/2025\/07\/pilares-4-1024x1024.jpeg\" alt=\"\" class=\"wp-image-280\" srcset=\"https:\/\/creacionesconamor.es\/wp-content\/uploads\/2025\/07\/pilares-4-1024x1024.jpeg 1024w, https:\/\/creacionesconamor.es\/wp-content\/uploads\/2025\/07\/pilares-4-300x300.jpeg 300w, https:\/\/creacionesconamor.es\/wp-content\/uploads\/2025\/07\/pilares-4-150x150.jpeg 150w, https:\/\/creacionesconamor.es\/wp-content\/uploads\/2025\/07\/pilares-4-768x768.jpeg 768w, https:\/\/creacionesconamor.es\/wp-content\/uploads\/2025\/07\/pilares-4-1536x1536.jpeg 1536w, https:\/\/creacionesconamor.es\/wp-content\/uploads\/2025\/07\/pilares-4.jpeg 2016w\" sizes=\"(max-width: 1024px) 100vw, 1024px\" \/><\/figure>\n\n\n\n<figure class=\"wp-block-image size-large wp-duotone-unset-11\"><img loading=\"lazy\" decoding=\"async\" width=\"1024\" height=\"1024\" data-id=\"283\" src=\"https:\/\/creacionesconamor.es\/wp-content\/uploads\/2025\/07\/pilares-6-1024x1024.jpeg\" alt=\"\" class=\"wp-image-283\" srcset=\"https:\/\/creacionesconamor.es\/wp-content\/uploads\/2025\/07\/pilares-6-1024x1024.jpeg 1024w, https:\/\/creacionesconamor.es\/wp-content\/uploads\/2025\/07\/pilares-6-300x300.jpeg 300w, https:\/\/creacionesconamor.es\/wp-content\/uploads\/2025\/07\/pilares-6-150x150.jpeg 150w, https:\/\/creacionesconamor.es\/wp-content\/uploads\/2025\/07\/pilares-6-768x768.jpeg 768w, https:\/\/creacionesconamor.es\/wp-content\/uploads\/2025\/07\/pilares-6-1536x1536.jpeg 1536w, https:\/\/creacionesconamor.es\/wp-content\/uploads\/2025\/07\/pilares-6.jpeg 2048w\" sizes=\"(max-width: 1024px) 100vw, 1024px\" \/><\/figure>\n\n\n\n<figure class=\"wp-block-image size-large wp-duotone-unset-12\"><img loading=\"lazy\" decoding=\"async\" width=\"1024\" height=\"1024\" data-id=\"282\" src=\"https:\/\/creacionesconamor.es\/wp-content\/uploads\/2025\/07\/pilares-5-1024x1024.jpeg\" alt=\"\" class=\"wp-image-282\" srcset=\"https:\/\/creacionesconamor.es\/wp-content\/uploads\/2025\/07\/pilares-5-1024x1024.jpeg 1024w, https:\/\/creacionesconamor.es\/wp-content\/uploads\/2025\/07\/pilares-5-300x300.jpeg 300w, https:\/\/creacionesconamor.es\/wp-content\/uploads\/2025\/07\/pilares-5-150x150.jpeg 150w, https:\/\/creacionesconamor.es\/wp-content\/uploads\/2025\/07\/pilares-5-768x768.jpeg 768w, https:\/\/creacionesconamor.es\/wp-content\/uploads\/2025\/07\/pilares-5-1536x1536.jpeg 1536w, https:\/\/creacionesconamor.es\/wp-content\/uploads\/2025\/07\/pilares-5.jpeg 2048w\" sizes=\"(max-width: 1024px) 100vw, 1024px\" \/><\/figure>\n\n\n\n<figure class=\"wp-block-image size-large wp-duotone-unset-13\"><img loading=\"lazy\" decoding=\"async\" width=\"1024\" height=\"1024\" data-id=\"286\" src=\"https:\/\/creacionesconamor.es\/wp-content\/uploads\/2025\/07\/pilares-7-1024x1024.jpeg\" alt=\"\" class=\"wp-image-286\" srcset=\"https:\/\/creacionesconamor.es\/wp-content\/uploads\/2025\/07\/pilares-7-1024x1024.jpeg 1024w, https:\/\/creacionesconamor.es\/wp-content\/uploads\/2025\/07\/pilares-7-300x300.jpeg 300w, https:\/\/creacionesconamor.es\/wp-content\/uploads\/2025\/07\/pilares-7-150x150.jpeg 150w, https:\/\/creacionesconamor.es\/wp-content\/uploads\/2025\/07\/pilares-7-768x768.jpeg 768w, https:\/\/creacionesconamor.es\/wp-content\/uploads\/2025\/07\/pilares-7-1536x1536.jpeg 1536w, https:\/\/creacionesconamor.es\/wp-content\/uploads\/2025\/07\/pilares-7.jpeg 2048w\" sizes=\"(max-width: 1024px) 100vw, 1024px\" \/><\/figure>\n\n\n\n<figure class=\"wp-block-image size-large wp-duotone-unset-14\"><img loading=\"lazy\" decoding=\"async\" width=\"1024\" height=\"1024\" data-id=\"284\" src=\"https:\/\/creacionesconamor.es\/wp-content\/uploads\/2025\/07\/pilares-8-1024x1024.jpeg\" alt=\"\" class=\"wp-image-284\" srcset=\"https:\/\/creacionesconamor.es\/wp-content\/uploads\/2025\/07\/pilares-8-1024x1024.jpeg 1024w, https:\/\/creacionesconamor.es\/wp-content\/uploads\/2025\/07\/pilares-8-300x300.jpeg 300w, https:\/\/creacionesconamor.es\/wp-content\/uploads\/2025\/07\/pilares-8-150x150.jpeg 150w, https:\/\/creacionesconamor.es\/wp-content\/uploads\/2025\/07\/pilares-8-768x768.jpeg 768w, https:\/\/creacionesconamor.es\/wp-content\/uploads\/2025\/07\/pilares-8-1536x1536.jpeg 1536w, https:\/\/creacionesconamor.es\/wp-content\/uploads\/2025\/07\/pilares-8.jpeg 1920w\" sizes=\"(max-width: 1024px) 100vw, 1024px\" \/><\/figure>\n\n\n\n<figure class=\"wp-block-image size-large wp-duotone-unset-15\"><img loading=\"lazy\" decoding=\"async\" width=\"1024\" height=\"1024\" data-id=\"288\" src=\"https:\/\/creacionesconamor.es\/wp-content\/uploads\/2025\/07\/pilares-9-1024x1024.jpeg\" alt=\"\" class=\"wp-image-288\" srcset=\"https:\/\/creacionesconamor.es\/wp-content\/uploads\/2025\/07\/pilares-9-1024x1024.jpeg 1024w, https:\/\/creacionesconamor.es\/wp-content\/uploads\/2025\/07\/pilares-9-300x300.jpeg 300w, https:\/\/creacionesconamor.es\/wp-content\/uploads\/2025\/07\/pilares-9-150x150.jpeg 150w, https:\/\/creacionesconamor.es\/wp-content\/uploads\/2025\/07\/pilares-9-768x768.jpeg 768w, https:\/\/creacionesconamor.es\/wp-content\/uploads\/2025\/07\/pilares-9-1536x1536.jpeg 1536w, https:\/\/creacionesconamor.es\/wp-content\/uploads\/2025\/07\/pilares-9.jpeg 2048w\" sizes=\"(max-width: 1024px) 100vw, 1024px\" \/><\/figure>\n\n\n\n<figure class=\"wp-block-image size-large wp-duotone-unset-16\"><img loading=\"lazy\" decoding=\"async\" width=\"1024\" height=\"1024\" data-id=\"294\" src=\"https:\/\/creacionesconamor.es\/wp-content\/uploads\/2025\/07\/pilares-10-1024x1024.jpeg\" alt=\"\" class=\"wp-image-294\" srcset=\"https:\/\/creacionesconamor.es\/wp-content\/uploads\/2025\/07\/pilares-10-1024x1024.jpeg 1024w, https:\/\/creacionesconamor.es\/wp-content\/uploads\/2025\/07\/pilares-10-300x300.jpeg 300w, https:\/\/creacionesconamor.es\/wp-content\/uploads\/2025\/07\/pilares-10-150x150.jpeg 150w, https:\/\/creacionesconamor.es\/wp-content\/uploads\/2025\/07\/pilares-10-768x768.jpeg 768w, https:\/\/creacionesconamor.es\/wp-content\/uploads\/2025\/07\/pilares-10-1536x1536.jpeg 1536w, https:\/\/creacionesconamor.es\/wp-content\/uploads\/2025\/07\/pilares-10.jpeg 2048w\" sizes=\"(max-width: 1024px) 100vw, 1024px\" \/><\/figure>\n\n\n\n<figure class=\"wp-block-image size-large wp-duotone-unset-17\"><img loading=\"lazy\" decoding=\"async\" width=\"1024\" height=\"1024\" data-id=\"298\" src=\"https:\/\/creacionesconamor.es\/wp-content\/uploads\/2025\/07\/pilares-11-1024x1024.jpeg\" alt=\"\" class=\"wp-image-298\" srcset=\"https:\/\/creacionesconamor.es\/wp-content\/uploads\/2025\/07\/pilares-11-1024x1024.jpeg 1024w, https:\/\/creacionesconamor.es\/wp-content\/uploads\/2025\/07\/pilares-11-300x300.jpeg 300w, https:\/\/creacionesconamor.es\/wp-content\/uploads\/2025\/07\/pilares-11-150x150.jpeg 150w, https:\/\/creacionesconamor.es\/wp-content\/uploads\/2025\/07\/pilares-11-768x768.jpeg 768w, https:\/\/creacionesconamor.es\/wp-content\/uploads\/2025\/07\/pilares-11-1536x1536.jpeg 1536w, https:\/\/creacionesconamor.es\/wp-content\/uploads\/2025\/07\/pilares-11.jpeg 2048w\" sizes=\"(max-width: 1024px) 100vw, 1024px\" \/><\/figure>\n\n\n\n<figure class=\"wp-block-image size-large wp-duotone-unset-18\"><img loading=\"lazy\" decoding=\"async\" width=\"1024\" height=\"1024\" data-id=\"297\" src=\"https:\/\/creacionesconamor.es\/wp-content\/uploads\/2025\/07\/pilares-12-1024x1024.jpeg\" alt=\"\" class=\"wp-image-297\" srcset=\"https:\/\/creacionesconamor.es\/wp-content\/uploads\/2025\/07\/pilares-12-1024x1024.jpeg 1024w, https:\/\/creacionesconamor.es\/wp-content\/uploads\/2025\/07\/pilares-12-300x300.jpeg 300w, https:\/\/creacionesconamor.es\/wp-content\/uploads\/2025\/07\/pilares-12-150x150.jpeg 150w, https:\/\/creacionesconamor.es\/wp-content\/uploads\/2025\/07\/pilares-12-768x768.jpeg 768w, https:\/\/creacionesconamor.es\/wp-content\/uploads\/2025\/07\/pilares-12-1536x1536.jpeg 1536w, https:\/\/creacionesconamor.es\/wp-content\/uploads\/2025\/07\/pilares-12.jpeg 2048w\" sizes=\"(max-width: 1024px) 100vw, 1024px\" \/><\/figure>\n\n\n\n<figure class=\"wp-block-image size-large wp-duotone-unset-19\"><img loading=\"lazy\" decoding=\"async\" width=\"1024\" height=\"1024\" data-id=\"293\" src=\"https:\/\/creacionesconamor.es\/wp-content\/uploads\/2025\/07\/pilares-13-1024x1024.jpeg\" alt=\"\" class=\"wp-image-293\" srcset=\"https:\/\/creacionesconamor.es\/wp-content\/uploads\/2025\/07\/pilares-13-1024x1024.jpeg 1024w, https:\/\/creacionesconamor.es\/wp-content\/uploads\/2025\/07\/pilares-13-300x300.jpeg 300w, https:\/\/creacionesconamor.es\/wp-content\/uploads\/2025\/07\/pilares-13-150x150.jpeg 150w, https:\/\/creacionesconamor.es\/wp-content\/uploads\/2025\/07\/pilares-13-768x768.jpeg 768w, https:\/\/creacionesconamor.es\/wp-content\/uploads\/2025\/07\/pilares-13-1536x1536.jpeg 1536w, https:\/\/creacionesconamor.es\/wp-content\/uploads\/2025\/07\/pilares-13.jpeg 2048w\" sizes=\"(max-width: 1024px) 100vw, 1024px\" \/><\/figure>\n\n\n\n<figure class=\"wp-block-image size-large wp-duotone-unset-20\"><img loading=\"lazy\" decoding=\"async\" width=\"1024\" height=\"1024\" data-id=\"290\" src=\"https:\/\/creacionesconamor.es\/wp-content\/uploads\/2025\/07\/pilares-14-1024x1024.jpeg\" alt=\"\" class=\"wp-image-290\" srcset=\"https:\/\/creacionesconamor.es\/wp-content\/uploads\/2025\/07\/pilares-14-1024x1024.jpeg 1024w, https:\/\/creacionesconamor.es\/wp-content\/uploads\/2025\/07\/pilares-14-300x300.jpeg 300w, https:\/\/creacionesconamor.es\/wp-content\/uploads\/2025\/07\/pilares-14-150x150.jpeg 150w, https:\/\/creacionesconamor.es\/wp-content\/uploads\/2025\/07\/pilares-14-768x768.jpeg 768w, https:\/\/creacionesconamor.es\/wp-content\/uploads\/2025\/07\/pilares-14-1536x1536.jpeg 1536w, https:\/\/creacionesconamor.es\/wp-content\/uploads\/2025\/07\/pilares-14.jpeg 1920w\" sizes=\"(max-width: 1024px) 100vw, 1024px\" \/><\/figure>\n\n\n\n<figure class=\"wp-block-image size-large wp-duotone-unset-21\"><img loading=\"lazy\" decoding=\"async\" width=\"1024\" height=\"683\" data-id=\"19\" src=\"https:\/\/creacionesconamor.es\/wp-content\/uploads\/2025\/05\/Lazos-de-cuadros-rojos-y-negros-1024x683.png\" alt=\"\" class=\"wp-image-19\" srcset=\"https:\/\/creacionesconamor.es\/wp-content\/uploads\/2025\/05\/Lazos-de-cuadros-rojos-y-negros-1024x683.png 1024w, https:\/\/creacionesconamor.es\/wp-content\/uploads\/2025\/05\/Lazos-de-cuadros-rojos-y-negros-300x200.png 300w, https:\/\/creacionesconamor.es\/wp-content\/uploads\/2025\/05\/Lazos-de-cuadros-rojos-y-negros-768x512.png 768w, https:\/\/creacionesconamor.es\/wp-content\/uploads\/2025\/05\/Lazos-de-cuadros-rojos-y-negros.png 1536w\" sizes=\"(max-width: 1024px) 100vw, 1024px\" \/><\/figure>\n<\/figure>\n\n\n\n<hr class=\"wp-block-separator alignwide has-alpha-channel-opacity\"\/>\n\n\n\n<h3 class=\"wp-block-heading has-text-align-center\"><strong>\u00bfTienes una idea especial?<br>Escr\u00edbenos y haremos tu dise\u00f1o realidad.<\/strong><\/h3>\n\n\n\n<div class=\"wp-block-buttons is-content-justification-center is-layout-flex wp-container-core-buttons-is-layout-a89b3969 wp-block-buttons-is-layout-flex\">\n<div class=\"wp-block-button\"><a class=\"wp-block-button__link wp-element-button\" href=\"https:\/\/creacionesconamor.es\/?page_id=83\">Cont\u00e1ctanos<\/a><\/div>\n<\/div>\n","protected":false},"excerpt":{"rendered":"<p>Celebra el Pilar con estilo y mucha alegr\u00eda. En esta secci\u00f3n encontrar\u00e1s productos personalizados para disfrutar al m\u00e1ximo las fiestas m\u00e1s importantes de Zaragoza:camisetas, mochilas, vasos, chapas, cachirulos, pulseras, coleteros y muchos detalles \u00fanicos con tu nombre, pe\u00f1a o dise\u00f1o favorito. Todo hecho a mano, con cari\u00f1o, color y esencia ma\u00f1a \u2764\ufe0f\ud83d\udc83. \u00a1Perfectos para regalar [&hellip;]<\/p>\n","protected":false},"author":1,"featured_media":0,"parent":0,"menu_order":0,"comment_status":"closed","ping_status":"closed","template":"","meta":{"footnotes":""},"class_list":["post-277","page","type-page","status-publish","hentry"],"_links":{"self":[{"href":"https:\/\/creacionesconamor.es\/index.php?rest_route=\/wp\/v2\/pages\/277","targetHints":{"allow":["GET"]}}],"collection":[{"href":"https:\/\/creacionesconamor.es\/index.php?rest_route=\/wp\/v2\/pages"}],"about":[{"href":"https:\/\/creacionesconamor.es\/index.php?rest_route=\/wp\/v2\/types\/page"}],"author":[{"embeddable":true,"href":"https:\/\/creacionesconamor.es\/index.php?rest_route=\/wp\/v2\/users\/1"}],"replies":[{"embeddable":true,"href":"https:\/\/creacionesconamor.es\/index.php?rest_route=%2Fwp%2Fv2%2Fcomments&post=277"}],"version-history":[{"count":3,"href":"https:\/\/creacionesconamor.es\/index.php?rest_route=\/wp\/v2\/pages\/277\/revisions"}],"predecessor-version":[{"id":330,"href":"https:\/\/creacionesconamor.es\/index.php?rest_route=\/wp\/v2\/pages\/277\/revisions\/330"}],"wp:attachment":[{"href":"https:\/\/creacionesconamor.es\/index.php?rest_route=%2Fwp%2Fv2%2Fmedia&parent=277"}],"curies":[{"name":"wp","href":"https:\/\/api.w.org\/{rel}","templated":true}]}}