{"id":21,"date":"2025-07-11T06:17:56","date_gmt":"2025-07-11T06:17:56","guid":{"rendered":"https:\/\/creacionesconamor.es\/?page_id=21"},"modified":"2026-01-01T17:00:03","modified_gmt":"2026-01-01T17:00:03","slug":"21-2","status":"publish","type":"page","link":"https:\/\/creacionesconamor.es\/","title":{"rendered":""},"content":{"rendered":"\n<div class=\"wp-block-cover alignfull\" style=\"min-height:371px;aspect-ratio:unset;\"><img fetchpriority=\"high\" decoding=\"async\" width=\"1536\" height=\"864\" class=\"wp-block-cover__image-background wp-image-22\" alt=\"\" src=\"https:\/\/creacionesconamor.es\/wp-content\/uploads\/2025\/05\/ChatGPT-Image-7-may-2025-17_52_49-edited.png\" style=\"object-position:57% 56%\" data-object-fit=\"cover\" data-object-position=\"57% 56%\" srcset=\"https:\/\/creacionesconamor.es\/wp-content\/uploads\/2025\/05\/ChatGPT-Image-7-may-2025-17_52_49-edited.png 1536w, https:\/\/creacionesconamor.es\/wp-content\/uploads\/2025\/05\/ChatGPT-Image-7-may-2025-17_52_49-edited-300x169.png 300w, https:\/\/creacionesconamor.es\/wp-content\/uploads\/2025\/05\/ChatGPT-Image-7-may-2025-17_52_49-edited-1024x576.png 1024w, https:\/\/creacionesconamor.es\/wp-content\/uploads\/2025\/05\/ChatGPT-Image-7-may-2025-17_52_49-edited-768x432.png 768w\" sizes=\"(max-width: 1536px) 100vw, 1536px\" \/><span aria-hidden=\"true\" class=\"wp-block-cover__background has-background-dim\"><\/span><div class=\"wp-block-cover__inner-container is-layout-flow wp-block-cover-is-layout-flow\">\n<p class=\"has-text-align-center has-heading-font-family\" style=\"font-size:clamp(2.545rem, 2.545rem + ((1vw - 0.2rem) * 3.758), 4.8rem);\"><strong>CREACIONES CON AMOR <\/strong><\/p>\n<\/div><\/div>\n\n\n\n<p>&nbsp;<\/p>\n\n\n\n<h1 class=\"wp-block-heading alignwide has-text-align-center\"><strong>Creaciones con Amor<br>Detalles personalizados hechos a mano<\/strong><\/h1>\n\n\n\n<h2 class=\"wp-block-heading alignwide has-text-align-center\">Creamos detalles totalmente personalizados.<br>Hechos a mano con amor desde Zaragoza. <\/h2>\n\n\n\n<h2 class=\"wp-block-heading has-text-align-center\">\u00a1Pedidos por <a href=\"https:\/\/api.whatsapp.com\/send?phone=%2B34645752416\" data-type=\"link\" data-id=\"https:\/\/api.whatsapp.com\/send?phone=%2B34645752416\">WhatsApp<\/a> o web!<\/h2>\n\n\n\n<hr class=\"wp-block-separator alignwide has-alpha-channel-opacity\"\/>\n\n\n\n<div style=\"height:22px\" aria-hidden=\"true\" class=\"wp-block-spacer\"><\/div>\n\n\n\n<h2 class=\"wp-block-heading alignwide has-text-align-center\" style=\"font-size:clamp(34.313px, 2.145rem + ((1vw - 3.2px) * 2.884), 62px);\"><strong>TOP VENTAS<\/strong><\/h2>\n\n\n\n<div class=\"wp-block-columns alignwide is-layout-flex wp-container-core-columns-is-layout-28f84493 wp-block-columns-is-layout-flex\">\n<div class=\"wp-block-column is-vertically-aligned-center is-layout-flow wp-block-column-is-layout-flow\">\n<figure class=\"wp-block-image wp-duotone-unset-1\"><a href=\"https:\/\/creacionesconamor.es\/?page_id=184\"><img decoding=\"async\" width=\"1024\" height=\"1025\" src=\"https:\/\/creacionesconamor.es\/wp-content\/uploads\/2025\/05\/ChatGPT-Image-7-may-2025-17_39_50-edited.png\" alt=\"\" class=\"wp-image-28\" srcset=\"https:\/\/creacionesconamor.es\/wp-content\/uploads\/2025\/05\/ChatGPT-Image-7-may-2025-17_39_50-edited.png 1024w, https:\/\/creacionesconamor.es\/wp-content\/uploads\/2025\/05\/ChatGPT-Image-7-may-2025-17_39_50-edited-300x300.png 300w, https:\/\/creacionesconamor.es\/wp-content\/uploads\/2025\/05\/ChatGPT-Image-7-may-2025-17_39_50-edited-150x150.png 150w, https:\/\/creacionesconamor.es\/wp-content\/uploads\/2025\/05\/ChatGPT-Image-7-may-2025-17_39_50-edited-768x769.png 768w\" sizes=\"(max-width: 1024px) 100vw, 1024px\" \/><\/a><\/figure>\n\n\n\n<p><strong>Artesan\u00eda en Resina Personalizada<\/strong><\/p>\n\n\n\n<p>Detalles \u00fanicos hechos a mano en resina para regalar, decorar o disfrutar. Desde llaveros con inicial hasta juegos de mesa y relojes de pared, cada pieza es completamente personalizable y original.<\/p>\n<\/div>\n\n\n\n<div class=\"wp-block-column is-layout-flow wp-block-column-is-layout-flow\">\n<p><strong>Regalos y Detalles para D\u00edas y Eventos Especiales<\/strong><\/p>\n\n\n\n<p>Celebra momentos \u00fanicos con detalles personalizados llenos de emoci\u00f3n. Desde bodas, bautizos y comuniones hasta el D\u00eda del Padre, la Madre, nacimientos o San Valent\u00edn, tenemos el regalo perfecto para cada ocasi\u00f3n especial.<\/p>\n\n\n\n<div class=\"wp-block-columns is-layout-flex wp-container-core-columns-is-layout-28f84493 wp-block-columns-is-layout-flex\">\n<div class=\"wp-block-column is-layout-flow wp-block-column-is-layout-flow\" style=\"flex-basis:100%\">\n<div class=\"wp-block-group has-global-padding is-layout-constrained wp-block-group-is-layout-constrained\">\n<figure class=\"wp-block-image alignnone wp-duotone-unset-2\"><a href=\"https:\/\/creacionesconamor.es\/?page_id=170\"><img decoding=\"async\" width=\"1024\" height=\"1024\" src=\"https:\/\/creacionesconamor.es\/wp-content\/uploads\/2025\/05\/WhatsApp-Image-2025-05-08-at-13.04.01-1024x1024.jpeg\" alt=\"\" class=\"wp-image-11\" srcset=\"https:\/\/creacionesconamor.es\/wp-content\/uploads\/2025\/05\/WhatsApp-Image-2025-05-08-at-13.04.01-1024x1024.jpeg 1024w, https:\/\/creacionesconamor.es\/wp-content\/uploads\/2025\/05\/WhatsApp-Image-2025-05-08-at-13.04.01-300x300.jpeg 300w, https:\/\/creacionesconamor.es\/wp-content\/uploads\/2025\/05\/WhatsApp-Image-2025-05-08-at-13.04.01-150x150.jpeg 150w, https:\/\/creacionesconamor.es\/wp-content\/uploads\/2025\/05\/WhatsApp-Image-2025-05-08-at-13.04.01-768x768.jpeg 768w, https:\/\/creacionesconamor.es\/wp-content\/uploads\/2025\/05\/WhatsApp-Image-2025-05-08-at-13.04.01-1536x1536.jpeg 1536w, https:\/\/creacionesconamor.es\/wp-content\/uploads\/2025\/05\/WhatsApp-Image-2025-05-08-at-13.04.01.jpeg 2048w\" sizes=\"(max-width: 1024px) 100vw, 1024px\" \/><\/a><\/figure>\n<\/div>\n<\/div>\n<\/div>\n<\/div>\n\n\n\n<div class=\"wp-block-column is-layout-flow wp-block-column-is-layout-flow\">\n<figure class=\"wp-block-image size-large wp-duotone-unset-3\"><a href=\"https:\/\/creacionesconamor.es\/?page_id=149\"><img loading=\"lazy\" decoding=\"async\" width=\"1024\" height=\"1024\" src=\"https:\/\/creacionesconamor.es\/wp-content\/uploads\/2025\/07\/WhatsApp-Image-2025-07-09-at-20.04.05-1024x1024.jpeg\" alt=\"\" class=\"wp-image-130\" srcset=\"https:\/\/creacionesconamor.es\/wp-content\/uploads\/2025\/07\/WhatsApp-Image-2025-07-09-at-20.04.05-1024x1024.jpeg 1024w, https:\/\/creacionesconamor.es\/wp-content\/uploads\/2025\/07\/WhatsApp-Image-2025-07-09-at-20.04.05-300x300.jpeg 300w, https:\/\/creacionesconamor.es\/wp-content\/uploads\/2025\/07\/WhatsApp-Image-2025-07-09-at-20.04.05-150x150.jpeg 150w, https:\/\/creacionesconamor.es\/wp-content\/uploads\/2025\/07\/WhatsApp-Image-2025-07-09-at-20.04.05-768x768.jpeg 768w, https:\/\/creacionesconamor.es\/wp-content\/uploads\/2025\/07\/WhatsApp-Image-2025-07-09-at-20.04.05.jpeg 1290w\" sizes=\"(max-width: 1024px) 100vw, 1024px\" \/><\/a><\/figure>\n\n\n\n<p><strong>Cumplea\u00f1os Personalizados y Divertidos<\/strong><\/p>\n\n\n\n<p>Celebra con estilo y originalidad. Ofrecemos toppers para tartas, vasos para invitados, coronas, tarjetas y decoraci\u00f3n personalizada para cumplea\u00f1os llenos de magia.<\/p>\n<\/div>\n<\/div>\n\n\n\n<hr class=\"wp-block-separator alignwide has-alpha-channel-opacity\"\/>\n\n\n\n<div class=\"wp-block-buttons alignwide is-content-justification-center is-layout-flex wp-container-core-buttons-is-layout-a89b3969 wp-block-buttons-is-layout-flex\">\n<div class=\"wp-block-button has-custom-width wp-block-button__width-50\"><a class=\"wp-block-button__link has-x-large-font-size has-custom-font-size wp-element-button\" href=\"https:\/\/creacionesconamor.es\/?page_id=125\" style=\"padding-top:var(--wp--preset--spacing--10);padding-bottom:var(--wp--preset--spacing--10)\"><strong>VER TODOS LOS PRODUCTOS<\/strong><\/a><\/div>\n<\/div>\n\n\n\n<hr class=\"wp-block-separator alignwide has-alpha-channel-opacity\" style=\"margin-top:var(--wp--preset--spacing--30);margin-bottom:var(--wp--preset--spacing--30)\"\/>\n\n\n\n<h3 class=\"wp-block-heading has-text-align-center\"><strong>\u00bfTienes una idea especial?<br>Escr\u00edbenos y haremos tu dise\u00f1o realidad.<\/strong><\/h3>\n\n\n\n<div class=\"wp-block-buttons alignwide is-content-justification-center is-layout-flex wp-container-core-buttons-is-layout-a89b3969 wp-block-buttons-is-layout-flex\">\n<div class=\"wp-block-button\"><a class=\"wp-block-button__link wp-element-button\" href=\"https:\/\/creacionesconamor.es\/?page_id=83\">Cont\u00e1ctanos<\/a><\/div>\n\n\n\n<div class=\"wp-block-button\"><a class=\"wp-block-button__link wp-element-button\" href=\"https:\/\/api.whatsapp.com\/send?phone=%2B34645752416\">Whatsapp<\/a><\/div>\n<\/div>\n\n\n\n<hr class=\"wp-block-separator alignwide has-alpha-channel-opacity\" style=\"margin-top:var(--wp--preset--spacing--30);margin-bottom:var(--wp--preset--spacing--30)\"\/>\n\n\n\n<h3 class=\"wp-block-heading has-text-align-center\"><strong>NOVEDADES<\/strong><\/h3>\n\n\n\n<figure class=\"wp-block-gallery alignwide has-nested-images columns-8 is-cropped wp-block-gallery-12 is-layout-flex wp-block-gallery-is-layout-flex\">\n<figure class=\"wp-block-image size-full wp-duotone-unset-4\"><img loading=\"lazy\" decoding=\"async\" width=\"388\" height=\"705\" data-id=\"105\" src=\"https:\/\/creacionesconamor.es\/wp-content\/uploads\/2025\/07\/7.jpg\" alt=\"\" class=\"wp-image-105\" srcset=\"https:\/\/creacionesconamor.es\/wp-content\/uploads\/2025\/07\/7.jpg 388w, https:\/\/creacionesconamor.es\/wp-content\/uploads\/2025\/07\/7-165x300.jpg 165w\" sizes=\"(max-width: 388px) 100vw, 388px\" \/><\/figure>\n\n\n\n<figure class=\"wp-block-image size-full wp-duotone-unset-5\"><img loading=\"lazy\" decoding=\"async\" width=\"400\" height=\"708\" data-id=\"101\" src=\"https:\/\/creacionesconamor.es\/wp-content\/uploads\/2025\/07\/5.jpg\" alt=\"\" class=\"wp-image-101\" srcset=\"https:\/\/creacionesconamor.es\/wp-content\/uploads\/2025\/07\/5.jpg 400w, https:\/\/creacionesconamor.es\/wp-content\/uploads\/2025\/07\/5-169x300.jpg 169w\" sizes=\"(max-width: 400px) 100vw, 400px\" \/><\/figure>\n\n\n\n<figure class=\"wp-block-image size-full wp-duotone-unset-6\"><img loading=\"lazy\" decoding=\"async\" width=\"451\" height=\"664\" data-id=\"102\" src=\"https:\/\/creacionesconamor.es\/wp-content\/uploads\/2025\/07\/6.1.jpg\" alt=\"\" class=\"wp-image-102\" srcset=\"https:\/\/creacionesconamor.es\/wp-content\/uploads\/2025\/07\/6.1.jpg 451w, https:\/\/creacionesconamor.es\/wp-content\/uploads\/2025\/07\/6.1-204x300.jpg 204w\" sizes=\"(max-width: 451px) 100vw, 451px\" \/><\/figure>\n\n\n\n<figure class=\"wp-block-image size-full wp-duotone-unset-7\"><img loading=\"lazy\" decoding=\"async\" width=\"508\" height=\"648\" data-id=\"93\" src=\"https:\/\/creacionesconamor.es\/wp-content\/uploads\/2025\/07\/1.jpg\" alt=\"\" class=\"wp-image-93\" srcset=\"https:\/\/creacionesconamor.es\/wp-content\/uploads\/2025\/07\/1.jpg 508w, https:\/\/creacionesconamor.es\/wp-content\/uploads\/2025\/07\/1-235x300.jpg 235w\" sizes=\"(max-width: 508px) 100vw, 508px\" \/><\/figure>\n\n\n\n<figure class=\"wp-block-image size-full wp-duotone-unset-8\"><img loading=\"lazy\" decoding=\"async\" width=\"435\" height=\"668\" data-id=\"100\" src=\"https:\/\/creacionesconamor.es\/wp-content\/uploads\/2025\/07\/5.1.jpg\" alt=\"\" class=\"wp-image-100\" srcset=\"https:\/\/creacionesconamor.es\/wp-content\/uploads\/2025\/07\/5.1.jpg 435w, https:\/\/creacionesconamor.es\/wp-content\/uploads\/2025\/07\/5.1-195x300.jpg 195w\" sizes=\"(max-width: 435px) 100vw, 435px\" \/><\/figure>\n\n\n\n<figure class=\"wp-block-image size-full wp-duotone-unset-9\"><img loading=\"lazy\" decoding=\"async\" width=\"416\" height=\"675\" data-id=\"95\" src=\"https:\/\/creacionesconamor.es\/wp-content\/uploads\/2025\/07\/2.jpg\" alt=\"\" class=\"wp-image-95\" srcset=\"https:\/\/creacionesconamor.es\/wp-content\/uploads\/2025\/07\/2.jpg 416w, https:\/\/creacionesconamor.es\/wp-content\/uploads\/2025\/07\/2-185x300.jpg 185w\" sizes=\"(max-width: 416px) 100vw, 416px\" \/><\/figure>\n\n\n\n<figure class=\"wp-block-image size-full wp-duotone-unset-10\"><img loading=\"lazy\" decoding=\"async\" width=\"416\" height=\"692\" data-id=\"99\" src=\"https:\/\/creacionesconamor.es\/wp-content\/uploads\/2025\/07\/4.jpg\" alt=\"\" class=\"wp-image-99\" srcset=\"https:\/\/creacionesconamor.es\/wp-content\/uploads\/2025\/07\/4.jpg 416w, https:\/\/creacionesconamor.es\/wp-content\/uploads\/2025\/07\/4-180x300.jpg 180w\" sizes=\"(max-width: 416px) 100vw, 416px\" \/><\/figure>\n\n\n\n<figure class=\"wp-block-image size-full wp-duotone-unset-11\"><img loading=\"lazy\" decoding=\"async\" width=\"401\" height=\"692\" data-id=\"97\" src=\"https:\/\/creacionesconamor.es\/wp-content\/uploads\/2025\/07\/3.jpg\" alt=\"\" class=\"wp-image-97\" srcset=\"https:\/\/creacionesconamor.es\/wp-content\/uploads\/2025\/07\/3.jpg 401w, https:\/\/creacionesconamor.es\/wp-content\/uploads\/2025\/07\/3-174x300.jpg 174w\" sizes=\"(max-width: 401px) 100vw, 401px\" \/><\/figure>\n<\/figure>\n\n\n\n<hr class=\"wp-block-separator alignwide has-alpha-channel-opacity\" style=\"margin-top:var(--wp--preset--spacing--30);margin-bottom:var(--wp--preset--spacing--30)\"\/>\n\n\n\n<h3 class=\"wp-block-heading has-text-align-center\"><strong>TESTIMONIOS<\/strong><\/h3>\n\n\n\n<div class=\"wp-block-columns alignwide is-layout-flex wp-container-core-columns-is-layout-28f84493 wp-block-columns-is-layout-flex\">\n<div class=\"wp-block-column is-vertically-aligned-center is-layout-flow wp-block-column-is-layout-flow\">\n<p class=\"has-text-align-center\">\ud83d\udc96 \u201cPed\u00ed una corona y un adorno para el cumplea\u00f1os de mi hija y fue un \u00e9xito total. Calidad incre\u00edble y atenci\u00f3n excelente.\u201d<\/p>\n<\/div>\n\n\n\n<div class=\"wp-block-column is-layout-flow wp-block-column-is-layout-flow\">\n<p class=\"has-text-align-center\">\ud83c\udf80 \u201cEl lazo con el nombre fue el regalo perfecto. Se nota que est\u00e1 hecho con mucho cari\u00f1o.\u201d<\/p>\n<\/div>\n\n\n\n<div class=\"wp-block-column is-layout-flow wp-block-column-is-layout-flow\">\n<p class=\"has-text-align-center\">\u2728\u201cMe hicieron todos los detalles para la comuni\u00f3n de mi hijo, me salvaron, ya que me ayudaron en todo lo que necesitaba.\u201d<\/p>\n<\/div>\n<\/div>\n\n\n\n<hr class=\"wp-block-separator alignwide has-alpha-channel-opacity\" style=\"margin-top:var(--wp--preset--spacing--30);margin-bottom:var(--wp--preset--spacing--30)\"\/>\n\n\n\n<div class=\"wp-block-columns alignwide is-layout-flex wp-container-core-columns-is-layout-28f84493 wp-block-columns-is-layout-flex\">\n<div class=\"wp-block-column is-layout-flow wp-block-column-is-layout-flow\" style=\"flex-basis:33.33%\">\n<figure class=\"wp-block-image size-full wp-duotone-unset-13\"><img loading=\"lazy\" decoding=\"async\" width=\"500\" height=\"500\" src=\"https:\/\/creacionesconamor.es\/wp-content\/uploads\/2025\/05\/SyV-Kreations-2.png\" alt=\"\" class=\"wp-image-8\" srcset=\"https:\/\/creacionesconamor.es\/wp-content\/uploads\/2025\/05\/SyV-Kreations-2.png 500w, https:\/\/creacionesconamor.es\/wp-content\/uploads\/2025\/05\/SyV-Kreations-2-300x300.png 300w, https:\/\/creacionesconamor.es\/wp-content\/uploads\/2025\/05\/SyV-Kreations-2-150x150.png 150w\" sizes=\"(max-width: 500px) 100vw, 500px\" \/><\/figure>\n<\/div>\n\n\n\n<div class=\"wp-block-column is-vertically-aligned-center is-layout-flow wp-block-column-is-layout-flow\" style=\"flex-basis:66.66%\">\n<div class=\"wp-block-contact-form-7-contact-form-selector\">\n<div class=\"wpcf7 no-js\" id=\"wpcf7-f6-o1\" lang=\"es-ES\" dir=\"ltr\" data-wpcf7-id=\"6\">\n<div class=\"screen-reader-response\"><p role=\"status\" aria-live=\"polite\" aria-atomic=\"true\"><\/p> <ul><\/ul><\/div>\n<form action=\"\/index.php?rest_route=%2Fwp%2Fv2%2Fpages%2F21#wpcf7-f6-o1\" method=\"post\" class=\"wpcf7-form init\" aria-label=\"Formulario de contacto\" novalidate=\"novalidate\" data-status=\"init\">\n<fieldset class=\"hidden-fields-container\"><input type=\"hidden\" name=\"_wpcf7\" value=\"6\" \/><input type=\"hidden\" name=\"_wpcf7_version\" value=\"6.1.5\" \/><input type=\"hidden\" name=\"_wpcf7_locale\" value=\"es_ES\" \/><input type=\"hidden\" name=\"_wpcf7_unit_tag\" value=\"wpcf7-f6-o1\" \/><input type=\"hidden\" name=\"_wpcf7_container_post\" value=\"0\" \/><input type=\"hidden\" name=\"_wpcf7_posted_data_hash\" value=\"\" \/>\n<\/fieldset>\n<div class=\"input\">\n\t<p><strong>QUE IDEA TIENES, ESCRIBENOS Y NOSOTRAS LA HACEMOS REALIDAD<\/strong>\n\t<\/p>\n\t<p><label>Nombre <span>*<\/span><\/label><br \/>\n<span class=\"wpcf7-form-control-wrap\" data-name=\"your-name\"><input size=\"40\" maxlength=\"400\" class=\"wpcf7-form-control wpcf7-text wpcf7-validates-as-required\" aria-required=\"true\" aria-invalid=\"false\" value=\"\" type=\"text\" name=\"your-name\" \/><\/span>\n\t<\/p>\n<\/div>\n<div class=\"input\">\n\t<p><label>Apellidos <span>*<\/span><\/label><br \/>\n<span class=\"wpcf7-form-control-wrap\" data-name=\"apellidos\"><input size=\"40\" maxlength=\"400\" class=\"wpcf7-form-control wpcf7-text wpcf7-validates-as-required\" aria-required=\"true\" aria-invalid=\"false\" value=\"\" type=\"text\" name=\"apellidos\" \/><\/span>\n\t<\/p>\n<\/div>\n<div class=\"input\">\n\t<p><label>Tel\u00e9fono <span>*<\/span><\/label><br \/>\n<span class=\"wpcf7-form-control-wrap\" data-name=\"tel-172\"><input size=\"40\" maxlength=\"400\" class=\"wpcf7-form-control wpcf7-tel wpcf7-validates-as-required wpcf7-text wpcf7-validates-as-tel\" aria-required=\"true\" aria-invalid=\"false\" value=\"\" type=\"tel\" name=\"tel-172\" \/><\/span>\n\t<\/p>\n<\/div>\n<div class=\"input text\">\n\t<p><label>Mail de contacto <span>*<\/span><\/label><br \/>\n<span class=\"wpcf7-form-control-wrap\" data-name=\"your-email\"><input size=\"40\" maxlength=\"400\" class=\"wpcf7-form-control wpcf7-email wpcf7-validates-as-required wpcf7-text wpcf7-validates-as-email\" aria-required=\"true\" aria-invalid=\"false\" value=\"\" type=\"email\" name=\"your-email\" \/><\/span>\n\t<\/p>\n<\/div>\n<div class=\"input textarea\">\n\t<p><label>\u00bfQue es lo que necesitas? <span>*<\/span><\/label><br \/>\n<span class=\"wpcf7-form-control-wrap\" data-name=\"comopodemosayudarte\"><textarea cols=\"40\" rows=\"10\" maxlength=\"2000\" class=\"wpcf7-form-control wpcf7-textarea wpcf7-validates-as-required\" aria-required=\"true\" aria-invalid=\"false\" name=\"comopodemosayudarte\"><\/textarea><\/span>\n\t<\/p>\n<\/div>\n<p><input class=\"wpcf7-form-control wpcf7-submit has-spinner\" type=\"submit\" value=\"Enviar\" \/><br \/>\n<small class=\"requerido\">* campo necesario<\/small>\n<\/p><p style=\"display: none !important;\" class=\"akismet-fields-container\" data-prefix=\"_wpcf7_ak_\"><label>&#916;<textarea name=\"_wpcf7_ak_hp_textarea\" cols=\"45\" rows=\"8\" maxlength=\"100\"><\/textarea><\/label><input type=\"hidden\" id=\"ak_js_1\" name=\"_wpcf7_ak_js\" value=\"41\"\/><script>\ndocument.getElementById( \"ak_js_1\" ).setAttribute( \"value\", ( new Date() ).getTime() );\n<\/script>\n<\/p><div class=\"wpcf7-response-output\" aria-hidden=\"true\"><\/div>\n<\/form>\n<\/div>\n<\/div>\n<\/div>\n<\/div>\n","protected":false},"excerpt":{"rendered":"<p>&nbsp; Creaciones con AmorDetalles personalizados hechos a mano Creamos detalles totalmente personalizados.Hechos a mano con amor desde Zaragoza. \u00a1Pedidos por WhatsApp o web! TOP VENTAS Artesan\u00eda en Resina Personalizada Detalles \u00fanicos hechos a mano en resina para regalar, decorar o disfrutar. Desde llaveros con inicial hasta juegos de mesa y relojes de pared, cada pieza [&hellip;]<\/p>\n","protected":false},"author":1,"featured_media":0,"parent":0,"menu_order":0,"comment_status":"closed","ping_status":"closed","template":"","meta":{"footnotes":""},"class_list":["post-21","page","type-page","status-publish","hentry"],"_links":{"self":[{"href":"https:\/\/creacionesconamor.es\/index.php?rest_route=\/wp\/v2\/pages\/21","targetHints":{"allow":["GET"]}}],"collection":[{"href":"https:\/\/creacionesconamor.es\/index.php?rest_route=\/wp\/v2\/pages"}],"about":[{"href":"https:\/\/creacionesconamor.es\/index.php?rest_route=\/wp\/v2\/types\/page"}],"author":[{"embeddable":true,"href":"https:\/\/creacionesconamor.es\/index.php?rest_route=\/wp\/v2\/users\/1"}],"replies":[{"embeddable":true,"href":"https:\/\/creacionesconamor.es\/index.php?rest_route=%2Fwp%2Fv2%2Fcomments&post=21"}],"version-history":[{"count":41,"href":"https:\/\/creacionesconamor.es\/index.php?rest_route=\/wp\/v2\/pages\/21\/revisions"}],"predecessor-version":[{"id":360,"href":"https:\/\/creacionesconamor.es\/index.php?rest_route=\/wp\/v2\/pages\/21\/revisions\/360"}],"wp:attachment":[{"href":"https:\/\/creacionesconamor.es\/index.php?rest_route=%2Fwp%2Fv2%2Fmedia&parent=21"}],"curies":[{"name":"wp","href":"https:\/\/api.w.org\/{rel}","templated":true}]}}