{"id":170,"date":"2025-07-10T12:59:10","date_gmt":"2025-07-10T12:59:10","guid":{"rendered":"https:\/\/creacionesconamor.es\/?page_id=170"},"modified":"2025-07-12T10:25:31","modified_gmt":"2025-07-12T10:25:31","slug":"regalos-y-detalles-para-dias-y-eventos-especiales","status":"publish","type":"page","link":"https:\/\/creacionesconamor.es\/?page_id=170","title":{"rendered":"Regalos y Detalles para D\u00edas y Eventos Especiales"},"content":{"rendered":"\n<div class=\"wp-block-cover alignfull is-light\" style=\"min-height:350px;aspect-ratio:unset;\"><img fetchpriority=\"high\" decoding=\"async\" width=\"1024\" height=\"576\" class=\"wp-block-cover__image-background wp-image-22 size-large\" alt=\"\" src=\"https:\/\/creacionesconamor.es\/wp-content\/uploads\/2025\/05\/ChatGPT-Image-7-may-2025-17_52_49-edited-1024x576.png\" style=\"object-position:52% 63%\" data-object-fit=\"cover\" data-object-position=\"52% 63%\" srcset=\"https:\/\/creacionesconamor.es\/wp-content\/uploads\/2025\/05\/ChatGPT-Image-7-may-2025-17_52_49-edited-1024x576.png 1024w, https:\/\/creacionesconamor.es\/wp-content\/uploads\/2025\/05\/ChatGPT-Image-7-may-2025-17_52_49-edited-300x169.png 300w, https:\/\/creacionesconamor.es\/wp-content\/uploads\/2025\/05\/ChatGPT-Image-7-may-2025-17_52_49-edited-768x432.png 768w, https:\/\/creacionesconamor.es\/wp-content\/uploads\/2025\/05\/ChatGPT-Image-7-may-2025-17_52_49-edited.png 1536w\" sizes=\"(max-width: 1024px) 100vw, 1024px\" \/><span aria-hidden=\"true\" class=\"wp-block-cover__background has-background-dim\" style=\"background-color:#d2a986\"><\/span><div class=\"wp-block-cover__inner-container has-global-padding is-layout-constrained wp-block-cover-is-layout-constrained\">\n<p class=\"has-text-align-center has-base-2-color has-text-color has-link-color has-x-large-font-size wp-elements-864db608fca6d56664980faaa80924a1\"><\/p>\n<\/div><\/div>\n\n\n\n<h2 class=\"wp-block-heading alignwide has-text-align-center has-large-font-size\">Celebra los momentos m\u00e1s especiales con detalles \u00fanicos y hechos con amor. <strong>Creamos regalos personalizados para bodas,<\/strong> bautizos, comuniones, nacimientos, y fechas se\u00f1aladas como el D\u00eda del Padre, D\u00eda de la Madre o San Valent\u00edn.<\/h2>\n\n\n\n<h2 class=\"wp-block-heading alignwide has-text-align-center has-large-font-size\">\ud83c\udf80 Sorprende con un detalle original, emotivo y totalmente a medida para cada ocasi\u00f3n.<\/h2>\n\n\n\n<div style=\"height:35px\" aria-hidden=\"true\" class=\"wp-block-spacer\"><\/div>\n\n\n\n<figure class=\"wp-block-gallery alignwide has-nested-images columns-default is-cropped wp-block-gallery-21 is-layout-flex wp-block-gallery-is-layout-flex\">\n<figure class=\"wp-block-image size-large wp-duotone-unset-1\"><img decoding=\"async\" width=\"1024\" height=\"1024\" data-id=\"305\" src=\"https:\/\/creacionesconamor.es\/wp-content\/uploads\/2025\/07\/WhatsApp-Image-2025-07-09-at-20.04.34-1-1024x1024.jpeg\" alt=\"\" class=\"wp-image-305\" srcset=\"https:\/\/creacionesconamor.es\/wp-content\/uploads\/2025\/07\/WhatsApp-Image-2025-07-09-at-20.04.34-1-1024x1024.jpeg 1024w, https:\/\/creacionesconamor.es\/wp-content\/uploads\/2025\/07\/WhatsApp-Image-2025-07-09-at-20.04.34-1-300x300.jpeg 300w, https:\/\/creacionesconamor.es\/wp-content\/uploads\/2025\/07\/WhatsApp-Image-2025-07-09-at-20.04.34-1-150x150.jpeg 150w, https:\/\/creacionesconamor.es\/wp-content\/uploads\/2025\/07\/WhatsApp-Image-2025-07-09-at-20.04.34-1-768x768.jpeg 768w, https:\/\/creacionesconamor.es\/wp-content\/uploads\/2025\/07\/WhatsApp-Image-2025-07-09-at-20.04.34-1-1536x1536.jpeg 1536w, https:\/\/creacionesconamor.es\/wp-content\/uploads\/2025\/07\/WhatsApp-Image-2025-07-09-at-20.04.34-1.jpeg 1600w\" sizes=\"(max-width: 1024px) 100vw, 1024px\" \/><\/figure>\n\n\n\n<figure class=\"wp-block-image size-large wp-duotone-unset-2\"><img decoding=\"async\" width=\"1024\" height=\"768\" data-id=\"307\" src=\"https:\/\/creacionesconamor.es\/wp-content\/uploads\/2025\/07\/WhatsApp-Image-2025-07-11-at-11.08.44-1-1024x768.jpeg\" alt=\"\" class=\"wp-image-307\" srcset=\"https:\/\/creacionesconamor.es\/wp-content\/uploads\/2025\/07\/WhatsApp-Image-2025-07-11-at-11.08.44-1-1024x768.jpeg 1024w, https:\/\/creacionesconamor.es\/wp-content\/uploads\/2025\/07\/WhatsApp-Image-2025-07-11-at-11.08.44-1-300x225.jpeg 300w, https:\/\/creacionesconamor.es\/wp-content\/uploads\/2025\/07\/WhatsApp-Image-2025-07-11-at-11.08.44-1-768x576.jpeg 768w, https:\/\/creacionesconamor.es\/wp-content\/uploads\/2025\/07\/WhatsApp-Image-2025-07-11-at-11.08.44-1-1536x1152.jpeg 1536w, https:\/\/creacionesconamor.es\/wp-content\/uploads\/2025\/07\/WhatsApp-Image-2025-07-11-at-11.08.44-1.jpeg 2048w\" sizes=\"(max-width: 1024px) 100vw, 1024px\" \/><\/figure>\n\n\n\n<figure class=\"wp-block-image size-large wp-duotone-unset-3\"><img loading=\"lazy\" decoding=\"async\" width=\"1024\" height=\"1024\" data-id=\"306\" src=\"https:\/\/creacionesconamor.es\/wp-content\/uploads\/2025\/07\/WhatsApp-Image-2025-07-11-at-11.08.43-1024x1024.jpeg\" alt=\"\" class=\"wp-image-306\" srcset=\"https:\/\/creacionesconamor.es\/wp-content\/uploads\/2025\/07\/WhatsApp-Image-2025-07-11-at-11.08.43-1024x1024.jpeg 1024w, https:\/\/creacionesconamor.es\/wp-content\/uploads\/2025\/07\/WhatsApp-Image-2025-07-11-at-11.08.43-300x300.jpeg 300w, https:\/\/creacionesconamor.es\/wp-content\/uploads\/2025\/07\/WhatsApp-Image-2025-07-11-at-11.08.43-150x150.jpeg 150w, https:\/\/creacionesconamor.es\/wp-content\/uploads\/2025\/07\/WhatsApp-Image-2025-07-11-at-11.08.43-768x768.jpeg 768w, https:\/\/creacionesconamor.es\/wp-content\/uploads\/2025\/07\/WhatsApp-Image-2025-07-11-at-11.08.43-1536x1536.jpeg 1536w, https:\/\/creacionesconamor.es\/wp-content\/uploads\/2025\/07\/WhatsApp-Image-2025-07-11-at-11.08.43.jpeg 2048w\" sizes=\"(max-width: 1024px) 100vw, 1024px\" \/><\/figure>\n\n\n\n<figure class=\"wp-block-image size-large wp-duotone-unset-4\"><img loading=\"lazy\" decoding=\"async\" width=\"1024\" height=\"768\" data-id=\"308\" src=\"https:\/\/creacionesconamor.es\/wp-content\/uploads\/2025\/07\/WhatsApp-Image-2025-07-11-at-11.08.44-1024x768.jpeg\" alt=\"\" class=\"wp-image-308\" srcset=\"https:\/\/creacionesconamor.es\/wp-content\/uploads\/2025\/07\/WhatsApp-Image-2025-07-11-at-11.08.44-1024x768.jpeg 1024w, https:\/\/creacionesconamor.es\/wp-content\/uploads\/2025\/07\/WhatsApp-Image-2025-07-11-at-11.08.44-300x225.jpeg 300w, https:\/\/creacionesconamor.es\/wp-content\/uploads\/2025\/07\/WhatsApp-Image-2025-07-11-at-11.08.44-768x576.jpeg 768w, https:\/\/creacionesconamor.es\/wp-content\/uploads\/2025\/07\/WhatsApp-Image-2025-07-11-at-11.08.44-1536x1152.jpeg 1536w, https:\/\/creacionesconamor.es\/wp-content\/uploads\/2025\/07\/WhatsApp-Image-2025-07-11-at-11.08.44.jpeg 2048w\" sizes=\"(max-width: 1024px) 100vw, 1024px\" \/><\/figure>\n\n\n\n<figure class=\"wp-block-image size-large wp-duotone-unset-5\"><img loading=\"lazy\" decoding=\"async\" width=\"1024\" height=\"1024\" data-id=\"180\" src=\"https:\/\/creacionesconamor.es\/wp-content\/uploads\/2025\/07\/WhatsApp-Image-2025-07-09-at-20.05.01-1024x1024.jpeg\" alt=\"\" class=\"wp-image-180\" srcset=\"https:\/\/creacionesconamor.es\/wp-content\/uploads\/2025\/07\/WhatsApp-Image-2025-07-09-at-20.05.01-1024x1024.jpeg 1024w, https:\/\/creacionesconamor.es\/wp-content\/uploads\/2025\/07\/WhatsApp-Image-2025-07-09-at-20.05.01-300x300.jpeg 300w, https:\/\/creacionesconamor.es\/wp-content\/uploads\/2025\/07\/WhatsApp-Image-2025-07-09-at-20.05.01-150x150.jpeg 150w, https:\/\/creacionesconamor.es\/wp-content\/uploads\/2025\/07\/WhatsApp-Image-2025-07-09-at-20.05.01-768x768.jpeg 768w, https:\/\/creacionesconamor.es\/wp-content\/uploads\/2025\/07\/WhatsApp-Image-2025-07-09-at-20.05.01-1536x1536.jpeg 1536w, https:\/\/creacionesconamor.es\/wp-content\/uploads\/2025\/07\/WhatsApp-Image-2025-07-09-at-20.05.01.jpeg 1600w\" sizes=\"(max-width: 1024px) 100vw, 1024px\" \/><\/figure>\n\n\n\n<figure class=\"wp-block-image size-large wp-duotone-unset-6\"><img loading=\"lazy\" decoding=\"async\" width=\"1024\" height=\"1024\" data-id=\"178\" src=\"https:\/\/creacionesconamor.es\/wp-content\/uploads\/2025\/07\/WhatsApp-Image-2025-07-09-at-20.03.50-2-1024x1024.jpeg\" alt=\"\" class=\"wp-image-178\" srcset=\"https:\/\/creacionesconamor.es\/wp-content\/uploads\/2025\/07\/WhatsApp-Image-2025-07-09-at-20.03.50-2-1024x1024.jpeg 1024w, https:\/\/creacionesconamor.es\/wp-content\/uploads\/2025\/07\/WhatsApp-Image-2025-07-09-at-20.03.50-2-300x300.jpeg 300w, https:\/\/creacionesconamor.es\/wp-content\/uploads\/2025\/07\/WhatsApp-Image-2025-07-09-at-20.03.50-2-150x150.jpeg 150w, https:\/\/creacionesconamor.es\/wp-content\/uploads\/2025\/07\/WhatsApp-Image-2025-07-09-at-20.03.50-2-768x768.jpeg 768w, https:\/\/creacionesconamor.es\/wp-content\/uploads\/2025\/07\/WhatsApp-Image-2025-07-09-at-20.03.50-2-1536x1536.jpeg 1536w, https:\/\/creacionesconamor.es\/wp-content\/uploads\/2025\/07\/WhatsApp-Image-2025-07-09-at-20.03.50-2.jpeg 2048w\" sizes=\"(max-width: 1024px) 100vw, 1024px\" \/><\/figure>\n\n\n\n<figure class=\"wp-block-image size-large wp-duotone-unset-7\"><img loading=\"lazy\" decoding=\"async\" width=\"1024\" height=\"1024\" data-id=\"179\" src=\"https:\/\/creacionesconamor.es\/wp-content\/uploads\/2025\/07\/WhatsApp-Image-2025-07-09-at-20.03.51-1024x1024.jpeg\" alt=\"\" class=\"wp-image-179\" srcset=\"https:\/\/creacionesconamor.es\/wp-content\/uploads\/2025\/07\/WhatsApp-Image-2025-07-09-at-20.03.51-1024x1024.jpeg 1024w, https:\/\/creacionesconamor.es\/wp-content\/uploads\/2025\/07\/WhatsApp-Image-2025-07-09-at-20.03.51-300x300.jpeg 300w, https:\/\/creacionesconamor.es\/wp-content\/uploads\/2025\/07\/WhatsApp-Image-2025-07-09-at-20.03.51-150x150.jpeg 150w, https:\/\/creacionesconamor.es\/wp-content\/uploads\/2025\/07\/WhatsApp-Image-2025-07-09-at-20.03.51-768x768.jpeg 768w, https:\/\/creacionesconamor.es\/wp-content\/uploads\/2025\/07\/WhatsApp-Image-2025-07-09-at-20.03.51-1536x1536.jpeg 1536w, https:\/\/creacionesconamor.es\/wp-content\/uploads\/2025\/07\/WhatsApp-Image-2025-07-09-at-20.03.51.jpeg 2048w\" sizes=\"(max-width: 1024px) 100vw, 1024px\" \/><\/figure>\n\n\n\n<figure class=\"wp-block-image size-large wp-duotone-unset-8\"><img loading=\"lazy\" decoding=\"async\" width=\"1024\" height=\"1024\" data-id=\"11\" src=\"https:\/\/creacionesconamor.es\/wp-content\/uploads\/2025\/05\/WhatsApp-Image-2025-05-08-at-13.04.01-1024x1024.jpeg\" alt=\"\" class=\"wp-image-11\" srcset=\"https:\/\/creacionesconamor.es\/wp-content\/uploads\/2025\/05\/WhatsApp-Image-2025-05-08-at-13.04.01-1024x1024.jpeg 1024w, https:\/\/creacionesconamor.es\/wp-content\/uploads\/2025\/05\/WhatsApp-Image-2025-05-08-at-13.04.01-300x300.jpeg 300w, https:\/\/creacionesconamor.es\/wp-content\/uploads\/2025\/05\/WhatsApp-Image-2025-05-08-at-13.04.01-150x150.jpeg 150w, https:\/\/creacionesconamor.es\/wp-content\/uploads\/2025\/05\/WhatsApp-Image-2025-05-08-at-13.04.01-768x768.jpeg 768w, https:\/\/creacionesconamor.es\/wp-content\/uploads\/2025\/05\/WhatsApp-Image-2025-05-08-at-13.04.01-1536x1536.jpeg 1536w, https:\/\/creacionesconamor.es\/wp-content\/uploads\/2025\/05\/WhatsApp-Image-2025-05-08-at-13.04.01.jpeg 2048w\" sizes=\"(max-width: 1024px) 100vw, 1024px\" \/><\/figure>\n\n\n\n<figure class=\"wp-block-image size-large wp-duotone-unset-9\"><img loading=\"lazy\" decoding=\"async\" width=\"1024\" height=\"1024\" data-id=\"176\" src=\"https:\/\/creacionesconamor.es\/wp-content\/uploads\/2025\/07\/WhatsApp-Image-2025-05-08-at-13.04.01-1-1024x1024.jpeg\" alt=\"\" class=\"wp-image-176\" srcset=\"https:\/\/creacionesconamor.es\/wp-content\/uploads\/2025\/07\/WhatsApp-Image-2025-05-08-at-13.04.01-1-1024x1024.jpeg 1024w, https:\/\/creacionesconamor.es\/wp-content\/uploads\/2025\/07\/WhatsApp-Image-2025-05-08-at-13.04.01-1-300x300.jpeg 300w, https:\/\/creacionesconamor.es\/wp-content\/uploads\/2025\/07\/WhatsApp-Image-2025-05-08-at-13.04.01-1-150x150.jpeg 150w, https:\/\/creacionesconamor.es\/wp-content\/uploads\/2025\/07\/WhatsApp-Image-2025-05-08-at-13.04.01-1-768x768.jpeg 768w, https:\/\/creacionesconamor.es\/wp-content\/uploads\/2025\/07\/WhatsApp-Image-2025-05-08-at-13.04.01-1-1536x1536.jpeg 1536w, https:\/\/creacionesconamor.es\/wp-content\/uploads\/2025\/07\/WhatsApp-Image-2025-05-08-at-13.04.01-1.jpeg 2048w\" sizes=\"(max-width: 1024px) 100vw, 1024px\" \/><\/figure>\n\n\n\n<figure class=\"wp-block-image size-large wp-duotone-unset-10\"><img loading=\"lazy\" decoding=\"async\" width=\"1024\" height=\"1024\" data-id=\"177\" src=\"https:\/\/creacionesconamor.es\/wp-content\/uploads\/2025\/07\/WhatsApp-Image-2025-05-08-at-13.04.02-1-1024x1024.jpeg\" alt=\"\" class=\"wp-image-177\" srcset=\"https:\/\/creacionesconamor.es\/wp-content\/uploads\/2025\/07\/WhatsApp-Image-2025-05-08-at-13.04.02-1-1024x1024.jpeg 1024w, https:\/\/creacionesconamor.es\/wp-content\/uploads\/2025\/07\/WhatsApp-Image-2025-05-08-at-13.04.02-1-300x300.jpeg 300w, https:\/\/creacionesconamor.es\/wp-content\/uploads\/2025\/07\/WhatsApp-Image-2025-05-08-at-13.04.02-1-150x150.jpeg 150w, https:\/\/creacionesconamor.es\/wp-content\/uploads\/2025\/07\/WhatsApp-Image-2025-05-08-at-13.04.02-1-768x768.jpeg 768w, https:\/\/creacionesconamor.es\/wp-content\/uploads\/2025\/07\/WhatsApp-Image-2025-05-08-at-13.04.02-1-1536x1536.jpeg 1536w, https:\/\/creacionesconamor.es\/wp-content\/uploads\/2025\/07\/WhatsApp-Image-2025-05-08-at-13.04.02-1.jpeg 2048w\" sizes=\"(max-width: 1024px) 100vw, 1024px\" \/><\/figure>\n\n\n\n<figure class=\"wp-block-image size-large wp-duotone-unset-11\"><img loading=\"lazy\" decoding=\"async\" width=\"1024\" height=\"1024\" data-id=\"161\" src=\"https:\/\/creacionesconamor.es\/wp-content\/uploads\/2025\/07\/WhatsApp-Image-2025-07-09-at-20.03.50-1024x1024.jpeg\" alt=\"\" class=\"wp-image-161\" srcset=\"https:\/\/creacionesconamor.es\/wp-content\/uploads\/2025\/07\/WhatsApp-Image-2025-07-09-at-20.03.50-1024x1024.jpeg 1024w, https:\/\/creacionesconamor.es\/wp-content\/uploads\/2025\/07\/WhatsApp-Image-2025-07-09-at-20.03.50-300x300.jpeg 300w, https:\/\/creacionesconamor.es\/wp-content\/uploads\/2025\/07\/WhatsApp-Image-2025-07-09-at-20.03.50-150x150.jpeg 150w, https:\/\/creacionesconamor.es\/wp-content\/uploads\/2025\/07\/WhatsApp-Image-2025-07-09-at-20.03.50-768x768.jpeg 768w, https:\/\/creacionesconamor.es\/wp-content\/uploads\/2025\/07\/WhatsApp-Image-2025-07-09-at-20.03.50-1536x1536.jpeg 1536w, https:\/\/creacionesconamor.es\/wp-content\/uploads\/2025\/07\/WhatsApp-Image-2025-07-09-at-20.03.50.jpeg 2048w\" sizes=\"(max-width: 1024px) 100vw, 1024px\" \/><\/figure>\n\n\n\n<figure class=\"wp-block-image size-large wp-duotone-unset-12\"><img loading=\"lazy\" decoding=\"async\" width=\"1024\" height=\"1024\" data-id=\"168\" src=\"https:\/\/creacionesconamor.es\/wp-content\/uploads\/2025\/07\/WhatsApp-Image-2025-07-09-at-20.03.50-1-1024x1024.jpeg\" alt=\"\" class=\"wp-image-168\" srcset=\"https:\/\/creacionesconamor.es\/wp-content\/uploads\/2025\/07\/WhatsApp-Image-2025-07-09-at-20.03.50-1-1024x1024.jpeg 1024w, https:\/\/creacionesconamor.es\/wp-content\/uploads\/2025\/07\/WhatsApp-Image-2025-07-09-at-20.03.50-1-300x300.jpeg 300w, https:\/\/creacionesconamor.es\/wp-content\/uploads\/2025\/07\/WhatsApp-Image-2025-07-09-at-20.03.50-1-150x150.jpeg 150w, https:\/\/creacionesconamor.es\/wp-content\/uploads\/2025\/07\/WhatsApp-Image-2025-07-09-at-20.03.50-1-768x768.jpeg 768w, https:\/\/creacionesconamor.es\/wp-content\/uploads\/2025\/07\/WhatsApp-Image-2025-07-09-at-20.03.50-1-1536x1536.jpeg 1536w, https:\/\/creacionesconamor.es\/wp-content\/uploads\/2025\/07\/WhatsApp-Image-2025-07-09-at-20.03.50-1.jpeg 2048w\" sizes=\"(max-width: 1024px) 100vw, 1024px\" \/><\/figure>\n\n\n\n<figure class=\"wp-block-image size-large wp-duotone-unset-13\"><img loading=\"lazy\" decoding=\"async\" width=\"1024\" height=\"1024\" data-id=\"171\" src=\"https:\/\/creacionesconamor.es\/wp-content\/uploads\/2025\/07\/WhatsApp-Image-2025-07-09-at-20.08.16-1024x1024.jpeg\" alt=\"\" class=\"wp-image-171\" srcset=\"https:\/\/creacionesconamor.es\/wp-content\/uploads\/2025\/07\/WhatsApp-Image-2025-07-09-at-20.08.16-1024x1024.jpeg 1024w, https:\/\/creacionesconamor.es\/wp-content\/uploads\/2025\/07\/WhatsApp-Image-2025-07-09-at-20.08.16-300x300.jpeg 300w, https:\/\/creacionesconamor.es\/wp-content\/uploads\/2025\/07\/WhatsApp-Image-2025-07-09-at-20.08.16-150x150.jpeg 150w, https:\/\/creacionesconamor.es\/wp-content\/uploads\/2025\/07\/WhatsApp-Image-2025-07-09-at-20.08.16-768x768.jpeg 768w, https:\/\/creacionesconamor.es\/wp-content\/uploads\/2025\/07\/WhatsApp-Image-2025-07-09-at-20.08.16-1536x1536.jpeg 1536w, https:\/\/creacionesconamor.es\/wp-content\/uploads\/2025\/07\/WhatsApp-Image-2025-07-09-at-20.08.16.jpeg 1600w\" sizes=\"(max-width: 1024px) 100vw, 1024px\" \/><\/figure>\n\n\n\n<figure class=\"wp-block-image size-large wp-duotone-unset-14\"><img loading=\"lazy\" decoding=\"async\" width=\"1024\" height=\"1024\" data-id=\"172\" src=\"https:\/\/creacionesconamor.es\/wp-content\/uploads\/2025\/07\/WhatsApp-Image-2025-07-09-at-20.08.17-1024x1024.jpeg\" alt=\"\" class=\"wp-image-172\" srcset=\"https:\/\/creacionesconamor.es\/wp-content\/uploads\/2025\/07\/WhatsApp-Image-2025-07-09-at-20.08.17-1024x1024.jpeg 1024w, https:\/\/creacionesconamor.es\/wp-content\/uploads\/2025\/07\/WhatsApp-Image-2025-07-09-at-20.08.17-300x300.jpeg 300w, https:\/\/creacionesconamor.es\/wp-content\/uploads\/2025\/07\/WhatsApp-Image-2025-07-09-at-20.08.17-150x150.jpeg 150w, https:\/\/creacionesconamor.es\/wp-content\/uploads\/2025\/07\/WhatsApp-Image-2025-07-09-at-20.08.17-768x768.jpeg 768w, https:\/\/creacionesconamor.es\/wp-content\/uploads\/2025\/07\/WhatsApp-Image-2025-07-09-at-20.08.17-1536x1536.jpeg 1536w, https:\/\/creacionesconamor.es\/wp-content\/uploads\/2025\/07\/WhatsApp-Image-2025-07-09-at-20.08.17.jpeg 1600w\" sizes=\"(max-width: 1024px) 100vw, 1024px\" \/><\/figure>\n\n\n\n<figure class=\"wp-block-image size-large wp-duotone-unset-15\"><img loading=\"lazy\" decoding=\"async\" width=\"1024\" height=\"1024\" data-id=\"182\" src=\"https:\/\/creacionesconamor.es\/wp-content\/uploads\/2025\/07\/WhatsApp-Image-2025-07-09-at-20.08.16-1-1024x1024.jpeg\" alt=\"\" class=\"wp-image-182\" srcset=\"https:\/\/creacionesconamor.es\/wp-content\/uploads\/2025\/07\/WhatsApp-Image-2025-07-09-at-20.08.16-1-1024x1024.jpeg 1024w, https:\/\/creacionesconamor.es\/wp-content\/uploads\/2025\/07\/WhatsApp-Image-2025-07-09-at-20.08.16-1-300x300.jpeg 300w, https:\/\/creacionesconamor.es\/wp-content\/uploads\/2025\/07\/WhatsApp-Image-2025-07-09-at-20.08.16-1-150x150.jpeg 150w, https:\/\/creacionesconamor.es\/wp-content\/uploads\/2025\/07\/WhatsApp-Image-2025-07-09-at-20.08.16-1-768x768.jpeg 768w, https:\/\/creacionesconamor.es\/wp-content\/uploads\/2025\/07\/WhatsApp-Image-2025-07-09-at-20.08.16-1-1536x1536.jpeg 1536w, https:\/\/creacionesconamor.es\/wp-content\/uploads\/2025\/07\/WhatsApp-Image-2025-07-09-at-20.08.16-1.jpeg 1600w\" sizes=\"(max-width: 1024px) 100vw, 1024px\" \/><\/figure>\n\n\n\n<figure class=\"wp-block-image size-large wp-duotone-unset-16\"><img loading=\"lazy\" decoding=\"async\" width=\"1024\" height=\"819\" data-id=\"174\" src=\"https:\/\/creacionesconamor.es\/wp-content\/uploads\/2025\/07\/WhatsApp-Image-2025-07-09-at-20.08.20-1-1024x819.jpeg\" alt=\"\" class=\"wp-image-174\" srcset=\"https:\/\/creacionesconamor.es\/wp-content\/uploads\/2025\/07\/WhatsApp-Image-2025-07-09-at-20.08.20-1-1024x819.jpeg 1024w, https:\/\/creacionesconamor.es\/wp-content\/uploads\/2025\/07\/WhatsApp-Image-2025-07-09-at-20.08.20-1-300x240.jpeg 300w, https:\/\/creacionesconamor.es\/wp-content\/uploads\/2025\/07\/WhatsApp-Image-2025-07-09-at-20.08.20-1-768x614.jpeg 768w, https:\/\/creacionesconamor.es\/wp-content\/uploads\/2025\/07\/WhatsApp-Image-2025-07-09-at-20.08.20-1-1536x1229.jpeg 1536w, https:\/\/creacionesconamor.es\/wp-content\/uploads\/2025\/07\/WhatsApp-Image-2025-07-09-at-20.08.20-1.jpeg 1600w\" sizes=\"(max-width: 1024px) 100vw, 1024px\" \/><\/figure>\n\n\n\n<figure class=\"wp-block-image size-large wp-duotone-unset-17\"><img loading=\"lazy\" decoding=\"async\" width=\"886\" height=\"1024\" data-id=\"175\" src=\"https:\/\/creacionesconamor.es\/wp-content\/uploads\/2025\/07\/WhatsApp-Image-2025-07-09-at-20.08.20-886x1024.jpeg\" alt=\"\" class=\"wp-image-175\" srcset=\"https:\/\/creacionesconamor.es\/wp-content\/uploads\/2025\/07\/WhatsApp-Image-2025-07-09-at-20.08.20-886x1024.jpeg 886w, https:\/\/creacionesconamor.es\/wp-content\/uploads\/2025\/07\/WhatsApp-Image-2025-07-09-at-20.08.20-260x300.jpeg 260w, https:\/\/creacionesconamor.es\/wp-content\/uploads\/2025\/07\/WhatsApp-Image-2025-07-09-at-20.08.20-768x888.jpeg 768w, https:\/\/creacionesconamor.es\/wp-content\/uploads\/2025\/07\/WhatsApp-Image-2025-07-09-at-20.08.20-1329x1536.jpeg 1329w, https:\/\/creacionesconamor.es\/wp-content\/uploads\/2025\/07\/WhatsApp-Image-2025-07-09-at-20.08.20.jpeg 1384w\" sizes=\"(max-width: 886px) 100vw, 886px\" \/><\/figure>\n\n\n\n<figure class=\"wp-block-image size-large wp-duotone-unset-18\"><img loading=\"lazy\" decoding=\"async\" width=\"1024\" height=\"1024\" data-id=\"181\" src=\"https:\/\/creacionesconamor.es\/wp-content\/uploads\/2025\/07\/WhatsApp-Image-2025-07-09-at-20.08.15-1-1024x1024.jpeg\" alt=\"\" class=\"wp-image-181\" srcset=\"https:\/\/creacionesconamor.es\/wp-content\/uploads\/2025\/07\/WhatsApp-Image-2025-07-09-at-20.08.15-1-1024x1024.jpeg 1024w, https:\/\/creacionesconamor.es\/wp-content\/uploads\/2025\/07\/WhatsApp-Image-2025-07-09-at-20.08.15-1-300x300.jpeg 300w, https:\/\/creacionesconamor.es\/wp-content\/uploads\/2025\/07\/WhatsApp-Image-2025-07-09-at-20.08.15-1-150x150.jpeg 150w, https:\/\/creacionesconamor.es\/wp-content\/uploads\/2025\/07\/WhatsApp-Image-2025-07-09-at-20.08.15-1-768x768.jpeg 768w, https:\/\/creacionesconamor.es\/wp-content\/uploads\/2025\/07\/WhatsApp-Image-2025-07-09-at-20.08.15-1-1536x1536.jpeg 1536w, https:\/\/creacionesconamor.es\/wp-content\/uploads\/2025\/07\/WhatsApp-Image-2025-07-09-at-20.08.15-1.jpeg 1600w\" sizes=\"(max-width: 1024px) 100vw, 1024px\" \/><\/figure>\n\n\n\n<figure class=\"wp-block-image size-large wp-duotone-unset-19\"><img loading=\"lazy\" decoding=\"async\" width=\"1024\" height=\"1024\" data-id=\"153\" src=\"https:\/\/creacionesconamor.es\/wp-content\/uploads\/2025\/07\/WhatsApp-Image-2025-07-09-at-20.08.18-1024x1024.jpeg\" alt=\"\" class=\"wp-image-153\" srcset=\"https:\/\/creacionesconamor.es\/wp-content\/uploads\/2025\/07\/WhatsApp-Image-2025-07-09-at-20.08.18-1024x1024.jpeg 1024w, https:\/\/creacionesconamor.es\/wp-content\/uploads\/2025\/07\/WhatsApp-Image-2025-07-09-at-20.08.18-300x300.jpeg 300w, https:\/\/creacionesconamor.es\/wp-content\/uploads\/2025\/07\/WhatsApp-Image-2025-07-09-at-20.08.18-150x150.jpeg 150w, https:\/\/creacionesconamor.es\/wp-content\/uploads\/2025\/07\/WhatsApp-Image-2025-07-09-at-20.08.18-768x768.jpeg 768w, https:\/\/creacionesconamor.es\/wp-content\/uploads\/2025\/07\/WhatsApp-Image-2025-07-09-at-20.08.18-1536x1536.jpeg 1536w, https:\/\/creacionesconamor.es\/wp-content\/uploads\/2025\/07\/WhatsApp-Image-2025-07-09-at-20.08.18.jpeg 1600w\" sizes=\"(max-width: 1024px) 100vw, 1024px\" \/><\/figure>\n\n\n\n<figure class=\"wp-block-image size-large wp-duotone-unset-20\"><img loading=\"lazy\" decoding=\"async\" width=\"1024\" height=\"768\" data-id=\"173\" src=\"https:\/\/creacionesconamor.es\/wp-content\/uploads\/2025\/07\/WhatsApp-Image-2025-07-09-at-20.08.19-1-1024x768.jpeg\" alt=\"\" class=\"wp-image-173\" srcset=\"https:\/\/creacionesconamor.es\/wp-content\/uploads\/2025\/07\/WhatsApp-Image-2025-07-09-at-20.08.19-1-1024x768.jpeg 1024w, https:\/\/creacionesconamor.es\/wp-content\/uploads\/2025\/07\/WhatsApp-Image-2025-07-09-at-20.08.19-1-300x225.jpeg 300w, https:\/\/creacionesconamor.es\/wp-content\/uploads\/2025\/07\/WhatsApp-Image-2025-07-09-at-20.08.19-1-768x576.jpeg 768w, https:\/\/creacionesconamor.es\/wp-content\/uploads\/2025\/07\/WhatsApp-Image-2025-07-09-at-20.08.19-1-1536x1152.jpeg 1536w, https:\/\/creacionesconamor.es\/wp-content\/uploads\/2025\/07\/WhatsApp-Image-2025-07-09-at-20.08.19-1.jpeg 1600w\" sizes=\"(max-width: 1024px) 100vw, 1024px\" \/><\/figure>\n<\/figure>\n\n\n\n<div style=\"height:46px\" aria-hidden=\"true\" class=\"wp-block-spacer\"><\/div>\n\n\n\n<hr class=\"wp-block-separator alignwide has-alpha-channel-opacity\"\/>\n\n\n\n<p class=\"has-text-align-center has-large-font-size\"><strong>\u00bfTienes una idea especial?<br>Escr\u00edbenos y haremos tu dise\u00f1o realidad.<\/strong><\/p>\n\n\n\n<div class=\"wp-block-buttons is-content-justification-center is-layout-flex wp-container-core-buttons-is-layout-a89b3969 wp-block-buttons-is-layout-flex\">\n<div class=\"wp-block-button\"><a class=\"wp-block-button__link wp-element-button\" href=\"https:\/\/creacionesconamor.es\/?page_id=83\">Cont\u00e1ctanos<\/a><\/div>\n<\/div>\n\n\n\n<p><\/p>\n","protected":false},"excerpt":{"rendered":"<p>Celebra los momentos m\u00e1s especiales con detalles \u00fanicos y hechos con amor. Creamos regalos personalizados para bodas, bautizos, comuniones, nacimientos, y fechas se\u00f1aladas como el D\u00eda del Padre, D\u00eda de la Madre o San Valent\u00edn. \ud83c\udf80 Sorprende con un detalle original, emotivo y totalmente a medida para cada ocasi\u00f3n. \u00bfTienes una idea especial?Escr\u00edbenos y haremos [&hellip;]<\/p>\n","protected":false},"author":1,"featured_media":0,"parent":0,"menu_order":0,"comment_status":"closed","ping_status":"closed","template":"","meta":{"footnotes":""},"class_list":["post-170","page","type-page","status-publish","hentry"],"_links":{"self":[{"href":"https:\/\/creacionesconamor.es\/index.php?rest_route=\/wp\/v2\/pages\/170","targetHints":{"allow":["GET"]}}],"collection":[{"href":"https:\/\/creacionesconamor.es\/index.php?rest_route=\/wp\/v2\/pages"}],"about":[{"href":"https:\/\/creacionesconamor.es\/index.php?rest_route=\/wp\/v2\/types\/page"}],"author":[{"embeddable":true,"href":"https:\/\/creacionesconamor.es\/index.php?rest_route=\/wp\/v2\/users\/1"}],"replies":[{"embeddable":true,"href":"https:\/\/creacionesconamor.es\/index.php?rest_route=%2Fwp%2Fv2%2Fcomments&post=170"}],"version-history":[{"count":4,"href":"https:\/\/creacionesconamor.es\/index.php?rest_route=\/wp\/v2\/pages\/170\/revisions"}],"predecessor-version":[{"id":335,"href":"https:\/\/creacionesconamor.es\/index.php?rest_route=\/wp\/v2\/pages\/170\/revisions\/335"}],"wp:attachment":[{"href":"https:\/\/creacionesconamor.es\/index.php?rest_route=%2Fwp%2Fv2%2Fmedia&parent=170"}],"curies":[{"name":"wp","href":"https:\/\/api.w.org\/{rel}","templated":true}]}}