{"id":125,"date":"2025-07-10T12:40:12","date_gmt":"2025-07-10T12:40:12","guid":{"rendered":"https:\/\/creacionesconamor.es\/?page_id=125"},"modified":"2025-07-14T13:04:17","modified_gmt":"2025-07-14T13:04:17","slug":"productos","status":"publish","type":"page","link":"https:\/\/creacionesconamor.es\/?page_id=125","title":{"rendered":"PRODUCTOS"},"content":{"rendered":"\n<div class=\"wp-block-cover alignfull is-light\" style=\"min-height:211px;aspect-ratio:unset;\"><img fetchpriority=\"high\" decoding=\"async\" width=\"1024\" height=\"576\" class=\"wp-block-cover__image-background wp-image-22 size-large\" alt=\"\" src=\"https:\/\/creacionesconamor.es\/wp-content\/uploads\/2025\/05\/ChatGPT-Image-7-may-2025-17_52_49-edited-1024x576.png\" data-object-fit=\"cover\" srcset=\"https:\/\/creacionesconamor.es\/wp-content\/uploads\/2025\/05\/ChatGPT-Image-7-may-2025-17_52_49-edited-1024x576.png 1024w, https:\/\/creacionesconamor.es\/wp-content\/uploads\/2025\/05\/ChatGPT-Image-7-may-2025-17_52_49-edited-300x169.png 300w, https:\/\/creacionesconamor.es\/wp-content\/uploads\/2025\/05\/ChatGPT-Image-7-may-2025-17_52_49-edited-768x432.png 768w, https:\/\/creacionesconamor.es\/wp-content\/uploads\/2025\/05\/ChatGPT-Image-7-may-2025-17_52_49-edited.png 1536w\" sizes=\"(max-width: 1024px) 100vw, 1024px\" \/><span aria-hidden=\"true\" class=\"wp-block-cover__background has-background-dim\" style=\"background-color:#d2a986\"><\/span><div class=\"wp-block-cover__inner-container has-global-padding is-layout-constrained wp-block-cover-is-layout-constrained\">\n<p class=\"has-text-align-center has-base-2-color has-text-color has-link-color has-heading-font-family wp-elements-c27b90aad63ce04351907d1ffebc6d02\" style=\"font-size:clamp(1.502rem, 1.502rem + ((1vw - 0.2rem) * 1.663), 2.5rem);\"><strong>NUESTROS PRODUCTOS<\/strong><\/p>\n<\/div><\/div>\n\n\n\n<div style=\"height:34px\" aria-hidden=\"true\" class=\"wp-block-spacer\"><\/div>\n\n\n\n<figure class=\"wp-block-pullquote alignwide\" style=\"font-size:clamp(1.301rem, 1.301rem + ((1vw - 0.2rem) * 1.332), 2.1rem);\"><blockquote><p><strong>En <strong>Creaciones con Amor<\/strong> dise\u00f1amos todo tipo de productos personalizados: desde cuadros, vasos y coronas, hasta detalles para bodas, cumplea\u00f1os o eventos especiales.<br>Si no encuentras lo que buscas, <strong>cont\u00e1ctanos sin compromiso<\/strong>. Creamos piezas \u00fanicas a medida y te preparamos un presupuesto totalmente personalizado.<br>\ud83c\udf81 \u00a1Todo lo que imaginas, lo hacemos realidad!<\/strong><\/p><\/blockquote><\/figure>\n\n\n\n<div class=\"wp-block-media-text alignwide is-stacked-on-mobile is-image-fill-element\" style=\"grid-template-columns:28% auto\"><figure class=\"wp-block-media-text__media\"><img decoding=\"async\" width=\"1024\" height=\"1024\" src=\"https:\/\/creacionesconamor.es\/wp-content\/uploads\/2025\/07\/resina-personalizada-1-1024x1024.jpeg\" alt=\"\" class=\"wp-image-227 size-full\" style=\"object-position:50% 50%\" srcset=\"https:\/\/creacionesconamor.es\/wp-content\/uploads\/2025\/07\/resina-personalizada-1-1024x1024.jpeg 1024w, https:\/\/creacionesconamor.es\/wp-content\/uploads\/2025\/07\/resina-personalizada-1-300x300.jpeg 300w, https:\/\/creacionesconamor.es\/wp-content\/uploads\/2025\/07\/resina-personalizada-1-150x150.jpeg 150w, https:\/\/creacionesconamor.es\/wp-content\/uploads\/2025\/07\/resina-personalizada-1-768x768.jpeg 768w, https:\/\/creacionesconamor.es\/wp-content\/uploads\/2025\/07\/resina-personalizada-1.jpeg 1456w\" sizes=\"(max-width: 1024px) 100vw, 1024px\" \/><\/figure><div class=\"wp-block-media-text__content\">\n<p class=\"has-text-align-center has-large-font-size\"><strong>Artesan\u00eda en Resina con Tu Esencia<\/strong><\/p>\n\n\n\n<p class=\"has-text-align-center\" style=\"font-size:clamp(0.984rem, 0.984rem + ((1vw - 0.2rem) * 0.86), 1.5rem);\">Regala o decora con <strong>piezas hechas a mano que brillan con personalidad<\/strong>. Llaveros con inicial, posavasos, relojes de pared, letras decorativas\u2026 Cada creaci\u00f3n en resina es \u00fanica, personalizable y cargada de creatividad.<\/p>\n\n\n\n<p class=\"has-text-align-center\" style=\"font-size:clamp(0.984rem, 0.984rem + ((1vw - 0.2rem) * 0.86), 1.5rem);\">\u2728 Un detalle original y exclusivo que no pasa desapercibido.<\/p>\n\n\n\n<div class=\"wp-block-buttons is-content-justification-center is-layout-flex wp-container-core-buttons-is-layout-a89b3969 wp-block-buttons-is-layout-flex\">\n<div class=\"wp-block-button\"><a class=\"wp-block-button__link wp-element-button\" href=\"https:\/\/creacionesconamor.es\/?page_id=184\">Ver m\u00e1s<\/a><\/div>\n<\/div>\n<\/div><\/div>\n\n\n\n<div style=\"height:18px\" aria-hidden=\"true\" class=\"wp-block-spacer\"><\/div>\n\n\n\n<div class=\"wp-block-media-text alignwide is-stacked-on-mobile is-image-fill-element\" style=\"grid-template-columns:28% auto\"><figure class=\"wp-block-media-text__media\"><img decoding=\"async\" width=\"1600\" height=\"1600\" src=\"https:\/\/creacionesconamor.es\/wp-content\/uploads\/2025\/07\/WhatsApp-Image-2025-07-09-at-20.08.14.jpeg\" alt=\"\" class=\"wp-image-163 size-full\" style=\"object-position:54% 59%\" srcset=\"https:\/\/creacionesconamor.es\/wp-content\/uploads\/2025\/07\/WhatsApp-Image-2025-07-09-at-20.08.14.jpeg 1600w, https:\/\/creacionesconamor.es\/wp-content\/uploads\/2025\/07\/WhatsApp-Image-2025-07-09-at-20.08.14-300x300.jpeg 300w, https:\/\/creacionesconamor.es\/wp-content\/uploads\/2025\/07\/WhatsApp-Image-2025-07-09-at-20.08.14-1024x1024.jpeg 1024w, https:\/\/creacionesconamor.es\/wp-content\/uploads\/2025\/07\/WhatsApp-Image-2025-07-09-at-20.08.14-150x150.jpeg 150w, https:\/\/creacionesconamor.es\/wp-content\/uploads\/2025\/07\/WhatsApp-Image-2025-07-09-at-20.08.14-768x768.jpeg 768w, https:\/\/creacionesconamor.es\/wp-content\/uploads\/2025\/07\/WhatsApp-Image-2025-07-09-at-20.08.14-1536x1536.jpeg 1536w\" sizes=\"(max-width: 1600px) 100vw, 1600px\" \/><\/figure><div class=\"wp-block-media-text__content\">\n<p class=\"has-text-align-center has-large-font-size\"><strong>Personalizaci\u00f3n Textil con Mucho Coraz\u00f3n<\/strong><\/p>\n\n\n\n<p class=\"has-text-align-center\" style=\"font-size:clamp(0.984rem, 0.984rem + ((1vw - 0.2rem) * 0.86), 1.5rem);\"><strong>Dise\u00f1amos a tu medida prendas y accesorios que hablan de ti. <\/strong>Gorras, camisetas, sudaderas, mochilas, tote bags, neceseres y m\u00e1s\u2026 Todo con ilustraciones, nombres o frases especiales que hacen de cada pieza un reflejo de tu estilo.<\/p>\n\n\n\n<p class=\"has-text-align-center\" style=\"font-size:clamp(0.984rem, 0.984rem + ((1vw - 0.2rem) * 0.86), 1.5rem);\">\ud83c\udfa8 Lleva lo que te define a donde vayas.<\/p>\n\n\n\n<div class=\"wp-block-buttons is-content-justification-center is-layout-flex wp-container-core-buttons-is-layout-a89b3969 wp-block-buttons-is-layout-flex\">\n<div class=\"wp-block-button\"><a class=\"wp-block-button__link has-text-align-right wp-element-button\" href=\"https:\/\/creacionesconamor.es\/?page_id=159\">Ver m\u00e1s<\/a><\/div>\n<\/div>\n<\/div><\/div>\n\n\n\n<div style=\"height:18px\" aria-hidden=\"true\" class=\"wp-block-spacer\"><\/div>\n\n\n\n<div class=\"wp-block-media-text alignwide is-stacked-on-mobile is-image-fill-element\" style=\"grid-template-columns:28% auto\"><figure class=\"wp-block-media-text__media\"><img loading=\"lazy\" decoding=\"async\" width=\"683\" height=\"1024\" src=\"https:\/\/creacionesconamor.es\/wp-content\/uploads\/2025\/05\/ChatGPT-Image-9-may-2025-16_52_13-683x1024.png\" alt=\"\" class=\"wp-image-17 size-full\" style=\"object-position:54% 52%\" srcset=\"https:\/\/creacionesconamor.es\/wp-content\/uploads\/2025\/05\/ChatGPT-Image-9-may-2025-16_52_13-683x1024.png 683w, https:\/\/creacionesconamor.es\/wp-content\/uploads\/2025\/05\/ChatGPT-Image-9-may-2025-16_52_13-200x300.png 200w, https:\/\/creacionesconamor.es\/wp-content\/uploads\/2025\/05\/ChatGPT-Image-9-may-2025-16_52_13-768x1152.png 768w, https:\/\/creacionesconamor.es\/wp-content\/uploads\/2025\/05\/ChatGPT-Image-9-may-2025-16_52_13.png 1024w\" sizes=\"(max-width: 683px) 100vw, 683px\" \/><\/figure><div class=\"wp-block-media-text__content\">\n<p class=\"has-text-align-center has-large-font-size\"><strong>Regalos y Detalles para D\u00edas y Eventos Especiales<\/strong><\/p>\n\n\n\n<p class=\"has-text-align-center\" style=\"font-size:clamp(0.984rem, 0.984rem + ((1vw - 0.2rem) * 0.86), 1.5rem);\">Celebra los momentos m\u00e1s especiales con detalles \u00fanicos y hechos con amor. <strong>Creamos regalos personalizados para bodas,<\/strong> bautizos, comuniones, nacimientos, y fechas se\u00f1aladas como el D\u00eda del Padre, D\u00eda de la Madre o San Valent\u00edn.<\/p>\n\n\n\n<p class=\"has-text-align-center\" style=\"font-size:clamp(0.984rem, 0.984rem + ((1vw - 0.2rem) * 0.86), 1.5rem);\">\ud83c\udf80 Sorprende con un detalle original, emotivo y totalmente a medida para cada ocasi\u00f3n.<\/p>\n\n\n\n<div class=\"wp-block-buttons is-content-justification-center is-layout-flex wp-container-core-buttons-is-layout-a89b3969 wp-block-buttons-is-layout-flex\">\n<div class=\"wp-block-button\"><a class=\"wp-block-button__link wp-element-button\" href=\"https:\/\/creacionesconamor.es\/?page_id=170\">Ver m\u00e1s<\/a><\/div>\n<\/div>\n<\/div><\/div>\n\n\n\n<div style=\"height:18px\" aria-hidden=\"true\" class=\"wp-block-spacer\"><\/div>\n\n\n\n<div class=\"wp-block-media-text alignwide is-stacked-on-mobile is-image-fill-element\" style=\"grid-template-columns:28% auto\"><figure class=\"wp-block-media-text__media\"><img loading=\"lazy\" decoding=\"async\" width=\"1024\" height=\"1024\" src=\"https:\/\/creacionesconamor.es\/wp-content\/uploads\/2025\/07\/WhatsApp-Image-2025-07-11-at-11.08.45-1-1024x1024.jpeg\" alt=\"\" class=\"wp-image-309 size-full\" style=\"object-position:44% 54%\" srcset=\"https:\/\/creacionesconamor.es\/wp-content\/uploads\/2025\/07\/WhatsApp-Image-2025-07-11-at-11.08.45-1-1024x1024.jpeg 1024w, https:\/\/creacionesconamor.es\/wp-content\/uploads\/2025\/07\/WhatsApp-Image-2025-07-11-at-11.08.45-1-300x300.jpeg 300w, https:\/\/creacionesconamor.es\/wp-content\/uploads\/2025\/07\/WhatsApp-Image-2025-07-11-at-11.08.45-1-150x150.jpeg 150w, https:\/\/creacionesconamor.es\/wp-content\/uploads\/2025\/07\/WhatsApp-Image-2025-07-11-at-11.08.45-1-768x768.jpeg 768w, https:\/\/creacionesconamor.es\/wp-content\/uploads\/2025\/07\/WhatsApp-Image-2025-07-11-at-11.08.45-1-1536x1536.jpeg 1536w, https:\/\/creacionesconamor.es\/wp-content\/uploads\/2025\/07\/WhatsApp-Image-2025-07-11-at-11.08.45-1.jpeg 1899w\" sizes=\"(max-width: 1024px) 100vw, 1024px\" \/><\/figure><div class=\"wp-block-media-text__content\">\n<p class=\"has-text-align-center has-large-font-size\"><strong>Cuadros Personalizados para Momentos Especiales<\/strong><\/p>\n\n\n\n<p class=\"has-text-align-center\" style=\"font-size:clamp(0.984rem, 0.984rem + ((1vw - 0.2rem) * 0.86), 1.5rem);\">Haz eterno cualquier momento importante. Dise\u00f1amos <strong>cuadros \u00fanicos<\/strong> con los datos que t\u00fa elijas: nacimiento, bautizo, cumplea\u00f1os, comuniones\u2026 \u00a1y con el estilo que m\u00e1s te guste! y el dise\u00f1o que t\u00fa elijas.<\/p>\n\n\n\n<p class=\"has-text-align-center\" style=\"font-size:clamp(0.984rem, 0.984rem + ((1vw - 0.2rem) * 0.86), 1.5rem);\">\ud83d\udc96 Desde ilustraciones tiernas hasta personajes infantiles o dise\u00f1os tem\u00e1ticos, cada cuadro est\u00e1 hecho con amor para emocionar.<\/p>\n\n\n\n<div class=\"wp-block-buttons is-content-justification-center is-layout-flex wp-container-core-buttons-is-layout-a89b3969 wp-block-buttons-is-layout-flex\">\n<div class=\"wp-block-button\"><a class=\"wp-block-button__link wp-element-button\" href=\"https:\/\/creacionesconamor.es\/?page_id=320\">Ver m\u00e1s<\/a><\/div>\n<\/div>\n<\/div><\/div>\n\n\n\n<div style=\"height:18px\" aria-hidden=\"true\" class=\"wp-block-spacer\"><\/div>\n\n\n\n<div class=\"wp-block-media-text alignwide is-stacked-on-mobile is-image-fill-element\" style=\"grid-template-columns:28% auto\"><figure class=\"wp-block-media-text__media\"><img loading=\"lazy\" decoding=\"async\" width=\"1024\" height=\"1024\" src=\"https:\/\/creacionesconamor.es\/wp-content\/uploads\/2025\/07\/WhatsApp-Image-2025-07-09-at-20.04.05-1024x1024.jpeg\" alt=\"\" class=\"wp-image-130 size-full\" style=\"object-position:50% 50%\" srcset=\"https:\/\/creacionesconamor.es\/wp-content\/uploads\/2025\/07\/WhatsApp-Image-2025-07-09-at-20.04.05-1024x1024.jpeg 1024w, https:\/\/creacionesconamor.es\/wp-content\/uploads\/2025\/07\/WhatsApp-Image-2025-07-09-at-20.04.05-300x300.jpeg 300w, https:\/\/creacionesconamor.es\/wp-content\/uploads\/2025\/07\/WhatsApp-Image-2025-07-09-at-20.04.05-150x150.jpeg 150w, https:\/\/creacionesconamor.es\/wp-content\/uploads\/2025\/07\/WhatsApp-Image-2025-07-09-at-20.04.05-768x768.jpeg 768w, https:\/\/creacionesconamor.es\/wp-content\/uploads\/2025\/07\/WhatsApp-Image-2025-07-09-at-20.04.05.jpeg 1290w\" sizes=\"(max-width: 1024px) 100vw, 1024px\" \/><\/figure><div class=\"wp-block-media-text__content\">\n<p class=\"has-text-align-center has-large-font-size\"><strong>Decoraci\u00f3n Personalizada para Cumplea\u00f1os<\/strong><\/p>\n\n\n\n<p class=\"has-text-align-center\" style=\"font-size:clamp(0.984rem, 0.984rem + ((1vw - 0.2rem) * 0.86), 1.5rem);\">Haz que cada <strong>cumplea\u00f1os sea m\u00e1gico y \u00fanico<\/strong>. Dise\u00f1amos toppers para tartas, coronas, vasos, invitaciones y m\u00e1s, con los personajes y colores favoritos de los peques.<br>\u270bTodo hecho a mano y personalizado al detalle para celebraciones inolvidables.<\/p>\n\n\n\n<div class=\"wp-block-buttons is-content-justification-center is-layout-flex wp-container-core-buttons-is-layout-a89b3969 wp-block-buttons-is-layout-flex\">\n<div class=\"wp-block-button\"><a class=\"wp-block-button__link has-text-align-center wp-element-button\" href=\"https:\/\/creacionesconamor.es\/?page_id=149\">Ver m\u00e1s<\/a><\/div>\n<\/div>\n<\/div><\/div>\n\n\n\n<div style=\"height:18px\" aria-hidden=\"true\" class=\"wp-block-spacer\"><\/div>\n\n\n\n<div class=\"wp-block-media-text alignwide is-stacked-on-mobile is-image-fill-element\" style=\"grid-template-columns:28% auto\"><figure class=\"wp-block-media-text__media\"><img loading=\"lazy\" decoding=\"async\" width=\"1024\" height=\"1024\" src=\"https:\/\/creacionesconamor.es\/wp-content\/uploads\/2025\/07\/WhatsApp-Image-2025-07-09-at-20.04.33-1024x1024.jpeg\" alt=\"\" class=\"wp-image-139 size-full\" style=\"object-position:33% 54%\" srcset=\"https:\/\/creacionesconamor.es\/wp-content\/uploads\/2025\/07\/WhatsApp-Image-2025-07-09-at-20.04.33-1024x1024.jpeg 1024w, https:\/\/creacionesconamor.es\/wp-content\/uploads\/2025\/07\/WhatsApp-Image-2025-07-09-at-20.04.33-300x300.jpeg 300w, https:\/\/creacionesconamor.es\/wp-content\/uploads\/2025\/07\/WhatsApp-Image-2025-07-09-at-20.04.33-150x150.jpeg 150w, https:\/\/creacionesconamor.es\/wp-content\/uploads\/2025\/07\/WhatsApp-Image-2025-07-09-at-20.04.33-768x768.jpeg 768w, https:\/\/creacionesconamor.es\/wp-content\/uploads\/2025\/07\/WhatsApp-Image-2025-07-09-at-20.04.33.jpeg 1440w\" sizes=\"(max-width: 1024px) 100vw, 1024px\" \/><\/figure><div class=\"wp-block-media-text__content\">\n<p class=\"has-text-align-center has-large-font-size\"><strong>Vasos Personalizados a Tu Gusto<\/strong><\/p>\n\n\n\n<p class=\"has-text-align-center\" style=\"font-size:clamp(0.984rem, 0.984rem + ((1vw - 0.2rem) * 0.86), 1.5rem);\">Crea tu <strong>vaso ideal con dise\u00f1os \u00fanicos y llenos de color.<\/strong> Perfectos para regalar o para ti, los personalizamos con nombres, personajes, frases o el estilo que m\u00e1s te guste.<br>Contamos con varios modelos y capacidades para que elijas el que mejor se adapte a ti.<\/p>\n\n\n\n<p class=\"has-text-align-center\" style=\"font-size:clamp(0.984rem, 0.984rem + ((1vw - 0.2rem) * 0.86), 1.5rem);\">\u2728 Originales, divertidos y hechos con mucho amor.<\/p>\n\n\n\n<div class=\"wp-block-buttons is-content-justification-center is-layout-flex wp-container-core-buttons-is-layout-a89b3969 wp-block-buttons-is-layout-flex\">\n<div class=\"wp-block-button\"><a class=\"wp-block-button__link wp-element-button\" href=\"https:\/\/creacionesconamor.es\/?page_id=137\">Ver m\u00e1s<\/a><\/div>\n<\/div>\n<\/div><\/div>\n\n\n\n<div style=\"height:18px\" aria-hidden=\"true\" class=\"wp-block-spacer\"><\/div>\n\n\n\n<div class=\"wp-block-media-text alignwide is-stacked-on-mobile is-image-fill-element\" style=\"grid-template-columns:28% auto\"><figure class=\"wp-block-media-text__media\"><img loading=\"lazy\" decoding=\"async\" width=\"1024\" height=\"1024\" src=\"https:\/\/creacionesconamor.es\/wp-content\/uploads\/2025\/07\/pilares-16-1024x1024.jpeg\" alt=\"\" class=\"wp-image-295 size-full\" style=\"object-position:0% 54%\" srcset=\"https:\/\/creacionesconamor.es\/wp-content\/uploads\/2025\/07\/pilares-16-1024x1024.jpeg 1024w, https:\/\/creacionesconamor.es\/wp-content\/uploads\/2025\/07\/pilares-16-300x300.jpeg 300w, https:\/\/creacionesconamor.es\/wp-content\/uploads\/2025\/07\/pilares-16-150x150.jpeg 150w, https:\/\/creacionesconamor.es\/wp-content\/uploads\/2025\/07\/pilares-16-768x768.jpeg 768w, https:\/\/creacionesconamor.es\/wp-content\/uploads\/2025\/07\/pilares-16-1536x1536.jpeg 1536w, https:\/\/creacionesconamor.es\/wp-content\/uploads\/2025\/07\/pilares-16.jpeg 2048w\" sizes=\"(max-width: 1024px) 100vw, 1024px\" \/><\/figure><div class=\"wp-block-media-text__content\">\n<p class=\"has-text-align-center has-large-font-size\"><strong>Especial Fiestas del Pilar<\/strong><\/p>\n\n\n\n<p class=\"has-text-align-center\" style=\"font-size:clamp(0.984rem, 0.984rem + ((1vw - 0.2rem) * 0.86), 1.5rem);\"><strong>Celebra el Pilar con estilo y mucha alegr\u00eda.<\/strong> En esta secci\u00f3n encontrar\u00e1s productos personalizados para disfrutar al m\u00e1ximo las fiestas m\u00e1s importantes de Zaragoza:<br>camisetas, mochilas, vasos, chapas, cachirulos, pulseras, coleteros y muchos detalles \u00fanicos con tu nombre, pe\u00f1a o dise\u00f1o favorito.<\/p>\n\n\n\n<p class=\"has-text-align-center\" style=\"font-size:clamp(0.984rem, 0.984rem + ((1vw - 0.2rem) * 0.86), 1.5rem);\">Todo hecho a mano, con cari\u00f1o, color y esencia ma\u00f1a \u2764\ufe0f\ud83d\udc83. \u00a1Perfectos para regalar o lucir con orgullo en las fiestas!<\/p>\n\n\n\n<div class=\"wp-block-buttons is-content-justification-center is-layout-flex wp-container-core-buttons-is-layout-a89b3969 wp-block-buttons-is-layout-flex\">\n<div class=\"wp-block-button\"><a class=\"wp-block-button__link wp-element-button\" href=\"https:\/\/creacionesconamor.es\/?page_id=277\">Ver m\u00e1s<\/a><\/div>\n<\/div>\n<\/div><\/div>\n\n\n\n<div style=\"height:58px\" aria-hidden=\"true\" class=\"wp-block-spacer\"><\/div>\n\n\n\n<hr class=\"wp-block-separator alignwide has-alpha-channel-opacity\"\/>\n\n\n\n<div style=\"height:58px\" aria-hidden=\"true\" class=\"wp-block-spacer\"><\/div>\n\n\n\n<p class=\"has-text-align-center has-large-font-size\"><strong>\u00bfTienes una idea especial?<br>Escr\u00edbenos y haremos tu dise\u00f1o realidad.<\/strong><\/p>\n\n\n\n<div class=\"wp-block-buttons alignwide is-content-justification-center is-layout-flex wp-container-core-buttons-is-layout-a89b3969 wp-block-buttons-is-layout-flex\">\n<div class=\"wp-block-button\"><a class=\"wp-block-button__link wp-element-button\" href=\"https:\/\/creacionesconamor.es\/?page_id=83\">Cont\u00e1ctanos<\/a><\/div>\n<\/div>\n\n\n\n<p><\/p>\n","protected":false},"excerpt":{"rendered":"<p>En Creaciones con Amor dise\u00f1amos todo tipo de productos personalizados: desde cuadros, vasos y coronas, hasta detalles para bodas, cumplea\u00f1os o eventos especiales.Si no encuentras lo que buscas, cont\u00e1ctanos sin compromiso. Creamos piezas \u00fanicas a medida y te preparamos un presupuesto totalmente personalizado.\ud83c\udf81 \u00a1Todo lo que imaginas, lo hacemos realidad! \u00bfTienes una idea especial?Escr\u00edbenos y [&hellip;]<\/p>\n","protected":false},"author":1,"featured_media":0,"parent":0,"menu_order":0,"comment_status":"closed","ping_status":"closed","template":"","meta":{"footnotes":""},"class_list":["post-125","page","type-page","status-publish","hentry"],"_links":{"self":[{"href":"https:\/\/creacionesconamor.es\/index.php?rest_route=\/wp\/v2\/pages\/125","targetHints":{"allow":["GET"]}}],"collection":[{"href":"https:\/\/creacionesconamor.es\/index.php?rest_route=\/wp\/v2\/pages"}],"about":[{"href":"https:\/\/creacionesconamor.es\/index.php?rest_route=\/wp\/v2\/types\/page"}],"author":[{"embeddable":true,"href":"https:\/\/creacionesconamor.es\/index.php?rest_route=\/wp\/v2\/users\/1"}],"replies":[{"embeddable":true,"href":"https:\/\/creacionesconamor.es\/index.php?rest_route=%2Fwp%2Fv2%2Fcomments&post=125"}],"version-history":[{"count":21,"href":"https:\/\/creacionesconamor.es\/index.php?rest_route=\/wp\/v2\/pages\/125\/revisions"}],"predecessor-version":[{"id":358,"href":"https:\/\/creacionesconamor.es\/index.php?rest_route=\/wp\/v2\/pages\/125\/revisions\/358"}],"wp:attachment":[{"href":"https:\/\/creacionesconamor.es\/index.php?rest_route=%2Fwp%2Fv2%2Fmedia&parent=125"}],"curies":[{"name":"wp","href":"https:\/\/api.w.org\/{rel}","templated":true}]}}